{"id":2386,"date":"2025-05-26T12:44:23","date_gmt":"2025-05-26T12:44:23","guid":{"rendered":"https:\/\/www.waooh.be\/politique-de-confidentialite\/"},"modified":"2025-08-26T10:30:10","modified_gmt":"2025-08-26T10:30:10","slug":"politique-de-confidentialite","status":"publish","type":"page","link":"https:\/\/www.waooh.be\/fr\/politique-de-confidentialite\/","title":{"rendered":"Politique de Confidentialit\u00e9"},"content":{"rendered":"\t\t<div data-elementor-type=\"wp-page\" data-elementor-id=\"2386\" class=\"elementor elementor-2386 elementor-591\" data-elementor-post-type=\"page\">\n\t\t\t\t<div class=\"elementor-element elementor-element-1a700d33 e-flex e-con-boxed e-con e-parent\" data-id=\"1a700d33\" data-element_type=\"container\" data-e-type=\"container\" data-settings=\"{&quot;background_background&quot;:&quot;classic&quot;}\">\n\t\t\t\t\t<div class=\"e-con-inner\">\n\t\t\t\t<div class=\"elementor-element elementor-element-35db17d9 elementor-nav-menu__align-center elementor-nav-menu--dropdown-none elementor-widget elementor-widget-nav-menu\" data-id=\"35db17d9\" data-element_type=\"widget\" data-e-type=\"widget\" data-settings=\"{&quot;layout&quot;:&quot;horizontal&quot;,&quot;submenu_icon&quot;:{&quot;value&quot;:&quot;&lt;svg aria-hidden=\\&quot;true\\&quot; class=\\&quot;e-font-icon-svg e-fas-caret-down\\&quot; viewBox=\\&quot;0 0 320 512\\&quot; xmlns=\\&quot;http:\\\/\\\/www.w3.org\\\/2000\\\/svg\\&quot;&gt;&lt;path d=\\&quot;M31.3 192h257.3c17.8 0 26.7 21.5 14.1 34.1L174.1 354.8c-7.8 7.8-20.5 7.8-28.3 0L17.2 226.1C4.6 213.5 13.5 192 31.3 192z\\&quot;&gt;&lt;\\\/path&gt;&lt;\\\/svg&gt;&quot;,&quot;library&quot;:&quot;fa-solid&quot;}}\" data-widget_type=\"nav-menu.default\">\n\t\t\t\t<div class=\"elementor-widget-container\">\n\t\t\t\t\t\t\t\t<nav aria-label=\"Menu\" class=\"elementor-nav-menu--main elementor-nav-menu__container elementor-nav-menu--layout-horizontal e--pointer-none\">\n\t\t\t\t<ul id=\"menu-1-35db17d9\" class=\"elementor-nav-menu\"><li class=\"menu-item menu-item-type-post_type menu-item-object-page menu-item-599\"><a href=\"https:\/\/www.waooh.be\/legal-policy\/\" class=\"elementor-item\">Informations L\u00e9gales<\/a><\/li>\n<li class=\"menu-item menu-item-type-post_type menu-item-object-page menu-item-602\"><a rel=\"privacy-policy\" href=\"https:\/\/www.waooh.be\/privacy-notice\/\" class=\"elementor-item\">Politique de Confidentialit\u00e9<\/a><\/li>\n<li class=\"menu-item menu-item-type-post_type menu-item-object-page menu-item-601\"><a href=\"https:\/\/www.waooh.be\/cookies-notice\/\" class=\"elementor-item\">Politique de Cookies<\/a><\/li>\n<li class=\"menu-item menu-item-type-post_type menu-item-object-page menu-item-600\"><a href=\"https:\/\/www.waooh.be\/intellectual-property-notice\/\" class=\"elementor-item\">Politique de propri\u00e9t\u00e9 intellectuelle<\/a><\/li>\n<li class=\"menu-item menu-item-type-post_type menu-item-object-page menu-item-603\"><a href=\"https:\/\/www.waooh.be\/conditions-of-use\/\" class=\"elementor-item\">Conditions d\u2019utilisation<\/a><\/li>\n<\/ul>\t\t\t<\/nav>\n\t\t\t\t\t\t<nav class=\"elementor-nav-menu--dropdown elementor-nav-menu__container\" aria-hidden=\"true\">\n\t\t\t\t<ul id=\"menu-2-35db17d9\" class=\"elementor-nav-menu\"><li class=\"menu-item menu-item-type-post_type menu-item-object-page menu-item-599\"><a href=\"https:\/\/www.waooh.be\/legal-policy\/\" class=\"elementor-item\" tabindex=\"-1\">Informations L\u00e9gales<\/a><\/li>\n<li class=\"menu-item menu-item-type-post_type menu-item-object-page menu-item-602\"><a rel=\"privacy-policy\" href=\"https:\/\/www.waooh.be\/privacy-notice\/\" class=\"elementor-item\" tabindex=\"-1\">Politique de Confidentialit\u00e9<\/a><\/li>\n<li class=\"menu-item menu-item-type-post_type menu-item-object-page menu-item-601\"><a href=\"https:\/\/www.waooh.be\/cookies-notice\/\" class=\"elementor-item\" tabindex=\"-1\">Politique de Cookies<\/a><\/li>\n<li class=\"menu-item menu-item-type-post_type menu-item-object-page menu-item-600\"><a href=\"https:\/\/www.waooh.be\/intellectual-property-notice\/\" class=\"elementor-item\" tabindex=\"-1\">Politique de propri\u00e9t\u00e9 intellectuelle<\/a><\/li>\n<li class=\"menu-item menu-item-type-post_type menu-item-object-page menu-item-603\"><a href=\"https:\/\/www.waooh.be\/conditions-of-use\/\" class=\"elementor-item\" tabindex=\"-1\">Conditions d\u2019utilisation<\/a><\/li>\n<\/ul>\t\t\t<\/nav>\n\t\t\t\t\t\t<\/div>\n\t\t\t\t<\/div>\n\t\t\t\t\t<\/div>\n\t\t\t\t<\/div>\n\t\t<div class=\"elementor-element elementor-element-386db017 e-flex e-con-boxed e-con e-parent\" data-id=\"386db017\" data-element_type=\"container\" data-e-type=\"container\">\n\t\t\t\t\t<div class=\"e-con-inner\">\n\t\t\t\t<div class=\"elementor-element elementor-element-4d02312e elementor-widget elementor-widget-heading\" data-id=\"4d02312e\" data-element_type=\"widget\" data-e-type=\"widget\" data-widget_type=\"heading.default\">\n\t\t\t\t<div class=\"elementor-widget-container\">\n\t\t\t\t\t<h1 class=\"elementor-heading-title elementor-size-default\">Politique de Confidentialit\u00e9<\/h1>\t\t\t\t<\/div>\n\t\t\t\t<\/div>\n\t\t\t\t<div class=\"elementor-element elementor-element-27163eca elementor-widget elementor-widget-text-editor\" data-id=\"27163eca\" data-element_type=\"widget\" data-e-type=\"widget\" data-widget_type=\"text-editor.default\">\n\t\t\t\t<div class=\"elementor-widget-container\">\n\t\t\t\t\t\t\t\t\t<p><b>Derni\u00e8re mise \u00e0 jour : le 6 juin 2025<\/b><\/p>\n<p><span style=\"font-weight: 400;\">La pr\u00e9sente politique de confidentialit\u00e9 a pour objectif de vous informer en toute transparence sur les donn\u00e9es que nous collectons via notre site web, les finalit\u00e9s de leur traitement et les droits dont vous disposez. En tant qu\u2019agence \u00e9tablie en Belgique, chez <\/span><b>Waooh!<\/b><span style=\"font-weight: 400;\">, nous accordons une grande importance \u00e0 la protection de votre vie priv\u00e9e et de vos donn\u00e9es personnelles. D\u00e8s lors, nous nous engageons \u00e0 respecter la l\u00e9gislation belge ainsi que le R\u00e8glement G\u00e9n\u00e9ral sur la Protection des Donn\u00e9es (RGPD) de l\u2019Union Europ\u00e9enne.\u00a0<\/span><\/p>\n<p><span style=\"font-weight: 400;\">Conform\u00e9ment aux dispositions de la loi organique relative \u00e0 la protection des donn\u00e9es personnelles, nous vous informons qu&rsquo;en utilisant notre site, en compl\u00e9tant tout formulaire, en adressant tout courrier \u00e9lectronique ou en cliquant respectivement sur un bouton ou un lien, vous consentez implicitement \u00e0 cette politique de confidentialit\u00e9 et autorisez \u00e9galement Waooh! \u00e0 traiter les donn\u00e9es personnelles que vous nous communiquez dans un syst\u00e8me informatis\u00e9.\u00a0<\/span><\/p>\n<p><span style=\"font-weight: 400;\">Nous vous invitons \u00e0 la lire attentivement et \u00e0 nous contacter pour toute question relative \u00e0 vos donn\u00e9es personnelles.<\/span><\/p>\n<p>&nbsp;<\/p>\n<ol>\n<li><b> Qui sommes-nous ?<\/b><\/li>\n<\/ol>\n<p><span style=\"font-weight: 400;\">Le pr\u00e9sent site est \u00e9dit\u00e9 par <\/span><b>Waooh!<\/b><span style=\"font-weight: 400;\">, un studio d&rsquo;animation belge, cr\u00e9atif et innovant dans le domaine de l&rsquo;animation 2D et 3D.\u00a0<\/span><\/p>\n<ul>\n<li style=\"font-weight: 400;\" aria-level=\"1\"><span style=\"font-weight: 400;\">Forme juridique : SRL<\/span><\/li>\n<li style=\"font-weight: 400;\" aria-level=\"1\"><span style=\"font-weight: 400;\">Si\u00e8ge social : Rue de Mulhouse 36, 4020, Li\u00e8ge, Belgique<\/span><\/li>\n<li style=\"font-weight: 400;\" aria-level=\"1\"><span style=\"font-weight: 400;\">Num\u00e9ro TVA : BE 0831 099 958<\/span><\/li>\n<li style=\"font-weight: 400;\" aria-level=\"1\"><span style=\"font-weight: 400;\">Email de contact : info@waooh.be<\/span><\/li>\n<li style=\"font-weight: 400;\" aria-level=\"1\"><span style=\"font-weight: 400;\">Responsable du traitement : S\u00e9bastien Dohogne<\/span><\/li>\n<\/ul>\n<p>&nbsp;<\/p>\n<ol start=\"2\">\n<li><b> Quelles donn\u00e9es personnelles collectons-nous ?<\/b><\/li>\n<\/ol>\n<p><span style=\"font-weight: 400;\">Waooh! suppose que les donn\u00e9es ont \u00e9t\u00e9 enregistr\u00e9es par leur propri\u00e9taire ou par une personne d\u00fbment habilit\u00e9e par ce dernier, et qu&rsquo;elles sont correctes et pr\u00e9cises. Nous collectons uniquement les donn\u00e9es n\u00e9cessaires \u00e0 la bonne gestion de notre site, de nos \u00e9changes et de nos processus de recrutement. Cela inclut :<\/span><\/p>\n<ul>\n<li style=\"font-weight: 400;\" aria-level=\"1\"><span style=\"font-weight: 400;\">Nom et pr\u00e9nom.<\/span><\/li>\n<li style=\"font-weight: 400;\" aria-level=\"1\"><span style=\"font-weight: 400;\">Adresse email.<\/span><\/li>\n<li style=\"font-weight: 400;\" aria-level=\"1\"><span style=\"font-weight: 400;\">T\u00e9l\u00e9phone.<\/span><\/li>\n<li style=\"font-weight: 400;\" aria-level=\"1\"><span style=\"font-weight: 400;\">Donn\u00e9es de navigation.<\/span><\/li>\n<li style=\"font-weight: 400;\" aria-level=\"1\"><span style=\"font-weight: 400;\">Donn\u00e9es de candidature : CV, lettre de motivation, portfolio, liens personnels (site web, r\u00e9seaux, etc.), tout contenu joint \u00e0 une candidature spontan\u00e9e ou \u00e0 la r\u00e9ponse \u00e0 une offre.<\/span><\/li>\n<\/ul>\n<p>&nbsp;<\/p>\n<ol start=\"3\">\n<li><b> Comment collectons-nous ces donn\u00e9es ?<\/b><\/li>\n<\/ol>\n<p><\/p>\n<ul>\n<li style=\"font-weight: 400;\" aria-level=\"1\"><span style=\"font-weight: 400;\">Via le formulaire de contact ou l\u2019email direct.<\/span><\/li>\n<li style=\"font-weight: 400;\" aria-level=\"1\"><span style=\"font-weight: 400;\">Via l\u2019envoi de candidatures (spontan\u00e9es ou en r\u00e9ponse \u00e0 une offre d\u2019emploi\/stage).<\/span><\/li>\n<li style=\"font-weight: 400;\" aria-level=\"1\"><span style=\"font-weight: 400;\">Via les documents ou toute r\u00e9f\u00e9rence annexe li\u00e9e aux portfolios de travail lors d\u2019une candidature.<\/span><\/li>\n<li style=\"font-weight: 400;\" aria-level=\"1\"><span style=\"font-weight: 400;\">Par le d\u00e9p\u00f4t de cookies analytiques lors de votre navigation.<\/span><\/li>\n<\/ul>\n<p>&nbsp;<\/p>\n<ol start=\"4\">\n<li><b> Pourquoi utilisons-nous vos donn\u00e9es ?<\/b><\/li>\n<\/ol>\n<p><span style=\"font-weight: 400;\">Nous utilisons vos donn\u00e9es pour :<\/span><\/p>\n<ul>\n<li style=\"font-weight: 400;\" aria-level=\"1\"><span style=\"font-weight: 400;\">R\u00e9pondre \u00e0 vos demandes de contact.<\/span><\/li>\n<li style=\"font-weight: 400;\" aria-level=\"1\"><span style=\"font-weight: 400;\">G\u00e9rer les candidatures (stages, emplois, collaborations freelance, etc.).<\/span><\/li>\n<li style=\"font-weight: 400;\" aria-level=\"1\"><span style=\"font-weight: 400;\">Vous envoyer des actualit\u00e9s ou des newsletters (si vous vous y \u00eates inscrit).<\/span><\/li>\n<li style=\"font-weight: 400;\" aria-level=\"1\"><span style=\"font-weight: 400;\">Analyser la performance de notre site.<\/span><\/li>\n<\/ul>\n<p>&nbsp;<\/p>\n<ol start=\"5\">\n<li><b> Base l\u00e9gale du traitement<\/b><\/li>\n<\/ol>\n<p><span style=\"font-weight: 400;\">Conform\u00e9ment au RGPD, le traitement de vos donn\u00e9es repose sur :<\/span><\/p>\n<ul>\n<li style=\"font-weight: 400;\" aria-level=\"1\"><span style=\"font-weight: 400;\">Votre consentement explicite (utilisation du site, contact, newsletter, candidature).<\/span><\/li>\n<li style=\"font-weight: 400;\" aria-level=\"1\"><span style=\"font-weight: 400;\">Notre int\u00e9r\u00eat l\u00e9gitime (recrutement, gestion du site).<\/span><\/li>\n<li style=\"font-weight: 400;\" aria-level=\"1\"><span style=\"font-weight: 400;\">Le respect de nos obligations l\u00e9gales (notamment en mati\u00e8re d\u2019emploi).<\/span><\/li>\n<\/ul>\n<p>&nbsp;<\/p>\n<ol start=\"6\">\n<li><b> Combien de temps conservons-nous vos donn\u00e9es ?<\/b><\/li>\n<\/ol>\n<p><\/p>\n<ul>\n<li style=\"font-weight: 400;\" aria-level=\"1\"><span style=\"font-weight: 400;\">Donn\u00e9es de contact : jusqu\u2019\u00e0 12 mois apr\u00e8s le dernier \u00e9change.<\/span><\/li>\n<li style=\"font-weight: 400;\" aria-level=\"1\"><span style=\"font-weight: 400;\">Donn\u00e9es analytiques : 12 mois maximum.<\/span><\/li>\n<li style=\"font-weight: 400;\" aria-level=\"1\"><span style=\"font-weight: 400;\">Abonnement \u00e0 la newsletter : jusqu\u2019\u00e0 d\u00e9sinscription.<\/span><\/li>\n<li style=\"font-weight: 400;\" aria-level=\"1\"><span style=\"font-weight: 400;\">Candidatures (CV, lettres, portfolios) :<\/span><span style=\"font-weight: 400;\"><br \/>\n<\/span><span style=\"font-weight: 400;\">\u2022 Jusqu\u2019\u00e0 12 mois apr\u00e8s r\u00e9ception pour les profils non retenus.<\/span><span style=\"font-weight: 400;\"><br \/>\n<\/span><span style=\"font-weight: 400;\">\u2022 Ind\u00e9fini si le profil est susceptible d\u2019\u00eatre recontact\u00e9, avec consentement du candidat.<\/span><\/li>\n<\/ul>\n<p><span style=\"font-weight: 400;\">Vous pouvez demander que vos donn\u00e9es de candidature soient supprim\u00e9es \u00e0 tout moment.<\/span><\/p>\n<p>&nbsp;<\/p>\n<ol start=\"7\">\n<li><b> Avec qui partageons-nous vos donn\u00e9es ?<\/b><\/li>\n<\/ol>\n<p><span style=\"font-weight: 400;\">Nous partageons vos donn\u00e9es uniquement avec nos prestataires techniques de confiance :<\/span><\/p>\n<ul>\n<li style=\"font-weight: 400;\" aria-level=\"1\"><span style=\"font-weight: 400;\">OVH\u00a0 (h\u00e9bergement du site conforme RGPD)<\/span><\/li>\n<li style=\"font-weight: 400;\" aria-level=\"1\"><span style=\"font-weight: 400;\">Google Analytics pour l\u2019analyse du trafic de notre site.<\/span><\/li>\n<\/ul>\n<p><span style=\"font-weight: 400;\">Nous ne vendons, ni ne partageons vos donn\u00e9es \u00e0 des tiers. Vos candidatures ne sont jamais transmises \u00e0 des tiers sans votre accord.<\/span><\/p>\n<p>&nbsp;<\/p>\n<ol start=\"8\">\n<li><b> Vos droits<\/b><\/li>\n<\/ol>\n<p><span style=\"font-weight: 400;\">Conform\u00e9ment au RGPD, vous pouvez \u00e0 tout moment :<\/span><\/p>\n<ul>\n<li style=\"font-weight: 400;\" aria-level=\"1\"><span style=\"font-weight: 400;\">Acc\u00e9der \u00e0 vos donn\u00e9es.<\/span><\/li>\n<li style=\"font-weight: 400;\" aria-level=\"1\"><span style=\"font-weight: 400;\">Corriger ou mettre \u00e0 jour vos informations.<\/span><\/li>\n<li style=\"font-weight: 400;\" aria-level=\"1\"><span style=\"font-weight: 400;\">Demander l\u2019effacement de vos donn\u00e9es.<\/span><\/li>\n<li style=\"font-weight: 400;\" aria-level=\"1\"><span style=\"font-weight: 400;\">Retirer votre consentement.<\/span><\/li>\n<li style=\"font-weight: 400;\" aria-level=\"1\"><span style=\"font-weight: 400;\">Vous opposer \u00e0 certains traitements.<\/span><\/li>\n<\/ul>\n<p><span style=\"font-weight: 400;\">Pour exercer vos droits : <\/span><b>info@waooh.be<\/b><\/p>\n<p>&nbsp;<\/p>\n<ol start=\"9\">\n<li><b> Cookies<\/b><\/li>\n<\/ol>\n<p><span style=\"font-weight: 400;\">Notre site utilise des cookies pour :<\/span><\/p>\n<ul>\n<li style=\"font-weight: 400;\" aria-level=\"1\"><span style=\"font-weight: 400;\">Mesurer l\u2019audience (Google Analytics).<\/span><\/li>\n<li style=\"font-weight: 400;\" aria-level=\"1\"><span style=\"font-weight: 400;\">Am\u00e9liorer la navigation.<\/span><\/li>\n<li style=\"font-weight: 400;\" aria-level=\"1\"><span style=\"font-weight: 400;\">Offrir une meilleure exp\u00e9rience utilisateur.<\/span><\/li>\n<\/ul>\n<p><span style=\"font-weight: 400;\">Un gestionnaire de consentement est affich\u00e9 d\u00e8s votre arriv\u00e9e. Veuillez consulter notre <\/span><b>Politique de cookies<\/b> <span style=\"font-weight: 400;\">pour plus de d\u00e9tails.<\/span><\/p>\n<p>&nbsp;<\/p>\n<ol start=\"10\">\n<li><b> S\u00e9curit\u00e9 des donn\u00e9es<\/b><\/li>\n<\/ol>\n<p><span style=\"font-weight: 400;\">Nous prenons toutes les pr\u00e9cautions n\u00e9cessaires pour prot\u00e9ger vos donn\u00e9es personnelles :<\/span><\/p>\n<ul>\n<li style=\"font-weight: 400;\" aria-level=\"1\">Le site est prot\u00e9g\u00e9 par un chiffrement SSL.<\/li>\n<li style=\"font-weight: 400;\" aria-level=\"1\">L\u2019acc\u00e8s aux donn\u00e9es est restreint.<\/li>\n<li style=\"font-weight: 400;\" aria-level=\"1\">Des sauvegardes r\u00e9guli\u00e8res sont effectu\u00e9es.<\/li>\n<li style=\"font-weight: 400;\" aria-level=\"1\">Nos plateformes proposent une authentification s\u00e9curis\u00e9e.<\/li>\n<li aria-level=\"1\">L\u2019h\u00e9bergement est assur\u00e9 par un prestataire europ\u00e9en de confiance, garantissant le respect de la r\u00e9glementation en mati\u00e8re de protection des donn\u00e9es.<\/li>\n<li aria-level=\"1\">Des mises \u00e0 jour de s\u00e9curit\u00e9 et la maintenance des extensions sont r\u00e9alis\u00e9es de fa\u00e7on r\u00e9guli\u00e8re.<\/li>\n<li aria-level=\"1\">Une authentification renforc\u00e9e est exig\u00e9e pour tous les comptes administrateurs.<\/li>\n<\/ul>\n<p>&nbsp;<\/p>\n<ol start=\"11\">\n<li><b> Modifications de cette politique<\/b><\/li>\n<\/ol>\n<p><span style=\"font-weight: 400;\">Cette politique peut \u00eatre mise \u00e0 jour.<\/span><\/p>\n<p>&nbsp;<\/p>\n<p><span style=\"font-weight: 400;\">Derni\u00e8re version en date : <\/span><b>le<\/b> <b>6 juin 2025<\/b><\/p>\n\t\t\t\t\t\t\t\t<\/div>\n\t\t\t\t<\/div>\n\t\t<div class=\"elementor-element elementor-element-4186cff5 e-con-full e-flex e-con e-child\" data-id=\"4186cff5\" data-element_type=\"container\" data-e-type=\"container\">\n\t\t<div class=\"elementor-element elementor-element-41aa9fe4 e-con-full e-flex e-con e-child\" data-id=\"41aa9fe4\" data-element_type=\"container\" data-e-type=\"container\">\n\t\t\t\t<\/div>\n\t\t\t\t<\/div>\n\t\t\t\t\t<\/div>\n\t\t\t\t<\/div>\n\t\t\t\t<\/div>\n\t\t","protected":false},"excerpt":{"rendered":"<p>Politique de Confidentialit\u00e9 Derni\u00e8re mise \u00e0 jour : le 6 juin 2025 La pr\u00e9sente politique de confidentialit\u00e9 a pour objectif de vous informer en toute transparence sur les donn\u00e9es que nous collectons via notre site web, les finalit\u00e9s de leur traitement et les droits dont vous disposez. En tant qu\u2019agence \u00e9tablie en Belgique, chez Waooh!, [&hellip;]<\/p>\n","protected":false},"author":1,"featured_media":0,"parent":0,"menu_order":0,"comment_status":"closed","ping_status":"closed","template":"","meta":{"_acf_changed":false,"inline_featured_image":false,"footnotes":""},"class_list":["post-2386","page","type-page","status-publish","hentry"],"acf":[],"yoast_head":"<!-- This site is optimized with the Yoast SEO plugin v27.4 - https:\/\/yoast.com\/product\/yoast-seo-wordpress\/ -->\n<title>Politique de Confidentialit\u00e9 - Waooh<\/title>\n<meta name=\"robots\" content=\"index, follow, max-snippet:-1, max-image-preview:large, max-video-preview:-1\" \/>\n<link rel=\"canonical\" href=\"https:\/\/www.waooh.be\/fr\/politique-de-confidentialite\/\" \/>\n<meta property=\"og:locale\" content=\"fr_FR\" \/>\n<meta property=\"og:type\" content=\"article\" \/>\n<meta property=\"og:title\" content=\"Politique de Confidentialit\u00e9 - Waooh\" \/>\n<meta property=\"og:description\" content=\"Politique de Confidentialit\u00e9 Derni\u00e8re mise \u00e0 jour : le 6 juin 2025 La pr\u00e9sente politique de confidentialit\u00e9 a pour objectif de vous informer en toute transparence sur les donn\u00e9es que nous collectons via notre site web, les finalit\u00e9s de leur traitement et les droits dont vous disposez. En tant qu\u2019agence \u00e9tablie en Belgique, chez Waooh!, [&hellip;]\" \/>\n<meta property=\"og:url\" content=\"https:\/\/www.waooh.be\/fr\/politique-de-confidentialite\/\" \/>\n<meta property=\"og:site_name\" content=\"Waooh\" \/>\n<meta property=\"article:modified_time\" content=\"2025-08-26T10:30:10+00:00\" \/>\n<meta name=\"twitter:card\" content=\"summary_large_image\" \/>\n<meta name=\"twitter:label1\" content=\"Dur\u00e9e de lecture estim\u00e9e\" \/>\n\t<meta name=\"twitter:data1\" content=\"4 minutes\" \/>\n<script type=\"application\/ld+json\" class=\"yoast-schema-graph\">{\"@context\":\"https:\\\/\\\/schema.org\",\"@graph\":[{\"@type\":\"WebPage\",\"@id\":\"https:\\\/\\\/www.waooh.be\\\/fr\\\/politique-de-confidentialite\\\/\",\"url\":\"https:\\\/\\\/www.waooh.be\\\/fr\\\/politique-de-confidentialite\\\/\",\"name\":\"Politique de Confidentialit\u00e9 - Waooh\",\"isPartOf\":{\"@id\":\"http:\\\/\\\/www.waooh.be\\\/fr\\\/#website\"},\"datePublished\":\"2025-05-26T12:44:23+00:00\",\"dateModified\":\"2025-08-26T10:30:10+00:00\",\"breadcrumb\":{\"@id\":\"https:\\\/\\\/www.waooh.be\\\/fr\\\/politique-de-confidentialite\\\/#breadcrumb\"},\"inLanguage\":\"fr-FR\",\"potentialAction\":[{\"@type\":\"ReadAction\",\"target\":[\"https:\\\/\\\/www.waooh.be\\\/fr\\\/politique-de-confidentialite\\\/\"]}]},{\"@type\":\"BreadcrumbList\",\"@id\":\"https:\\\/\\\/www.waooh.be\\\/fr\\\/politique-de-confidentialite\\\/#breadcrumb\",\"itemListElement\":[{\"@type\":\"ListItem\",\"position\":1,\"name\":\"Home\",\"item\":\"http:\\\/\\\/www.waooh.be\\\/fr\\\/\"},{\"@type\":\"ListItem\",\"position\":2,\"name\":\"Politique de Confidentialit\u00e9\"}]},{\"@type\":\"WebSite\",\"@id\":\"http:\\\/\\\/www.waooh.be\\\/fr\\\/#website\",\"url\":\"http:\\\/\\\/www.waooh.be\\\/fr\\\/\",\"name\":\"Waooh\",\"description\":\"Studio d&#039;animation belge, espace de formation pour jeunes cr\u00e9atifs dans le domaine de l&#039;animation.\",\"publisher\":{\"@id\":\"http:\\\/\\\/www.waooh.be\\\/fr\\\/#organization\"},\"potentialAction\":[{\"@type\":\"SearchAction\",\"target\":{\"@type\":\"EntryPoint\",\"urlTemplate\":\"http:\\\/\\\/www.waooh.be\\\/fr\\\/?s={search_term_string}\"},\"query-input\":{\"@type\":\"PropertyValueSpecification\",\"valueRequired\":true,\"valueName\":\"search_term_string\"}}],\"inLanguage\":\"fr-FR\"},{\"@type\":\"Organization\",\"@id\":\"http:\\\/\\\/www.waooh.be\\\/fr\\\/#organization\",\"name\":\"Waooh\",\"url\":\"http:\\\/\\\/www.waooh.be\\\/fr\\\/\",\"logo\":{\"@type\":\"ImageObject\",\"inLanguage\":\"fr-FR\",\"@id\":\"http:\\\/\\\/www.waooh.be\\\/fr\\\/#\\\/schema\\\/logo\\\/image\\\/\",\"url\":\"https:\\\/\\\/www.waooh.be\\\/wp-content\\\/uploads\\\/2025\\\/05\\\/Waooh_logo.svg\",\"contentUrl\":\"https:\\\/\\\/www.waooh.be\\\/wp-content\\\/uploads\\\/2025\\\/05\\\/Waooh_logo.svg\",\"width\":421,\"height\":351,\"caption\":\"Waooh\"},\"image\":{\"@id\":\"http:\\\/\\\/www.waooh.be\\\/fr\\\/#\\\/schema\\\/logo\\\/image\\\/\"}}]}<\/script>\n<!-- \/ Yoast SEO plugin. -->","yoast_head_json":{"title":"Politique de Confidentialit\u00e9 - Waooh","robots":{"index":"index","follow":"follow","max-snippet":"max-snippet:-1","max-image-preview":"max-image-preview:large","max-video-preview":"max-video-preview:-1"},"canonical":"https:\/\/www.waooh.be\/fr\/politique-de-confidentialite\/","og_locale":"fr_FR","og_type":"article","og_title":"Politique de Confidentialit\u00e9 - Waooh","og_description":"Politique de Confidentialit\u00e9 Derni\u00e8re mise \u00e0 jour : le 6 juin 2025 La pr\u00e9sente politique de confidentialit\u00e9 a pour objectif de vous informer en toute transparence sur les donn\u00e9es que nous collectons via notre site web, les finalit\u00e9s de leur traitement et les droits dont vous disposez. En tant qu\u2019agence \u00e9tablie en Belgique, chez Waooh!, [&hellip;]","og_url":"https:\/\/www.waooh.be\/fr\/politique-de-confidentialite\/","og_site_name":"Waooh","article_modified_time":"2025-08-26T10:30:10+00:00","twitter_card":"summary_large_image","twitter_misc":{"Dur\u00e9e de lecture estim\u00e9e":"4 minutes"},"schema":{"@context":"https:\/\/schema.org","@graph":[{"@type":"WebPage","@id":"https:\/\/www.waooh.be\/fr\/politique-de-confidentialite\/","url":"https:\/\/www.waooh.be\/fr\/politique-de-confidentialite\/","name":"Politique de Confidentialit\u00e9 - Waooh","isPartOf":{"@id":"http:\/\/www.waooh.be\/fr\/#website"},"datePublished":"2025-05-26T12:44:23+00:00","dateModified":"2025-08-26T10:30:10+00:00","breadcrumb":{"@id":"https:\/\/www.waooh.be\/fr\/politique-de-confidentialite\/#breadcrumb"},"inLanguage":"fr-FR","potentialAction":[{"@type":"ReadAction","target":["https:\/\/www.waooh.be\/fr\/politique-de-confidentialite\/"]}]},{"@type":"BreadcrumbList","@id":"https:\/\/www.waooh.be\/fr\/politique-de-confidentialite\/#breadcrumb","itemListElement":[{"@type":"ListItem","position":1,"name":"Home","item":"http:\/\/www.waooh.be\/fr\/"},{"@type":"ListItem","position":2,"name":"Politique de Confidentialit\u00e9"}]},{"@type":"WebSite","@id":"http:\/\/www.waooh.be\/fr\/#website","url":"http:\/\/www.waooh.be\/fr\/","name":"Waooh","description":"Studio d&#039;animation belge, espace de formation pour jeunes cr\u00e9atifs dans le domaine de l&#039;animation.","publisher":{"@id":"http:\/\/www.waooh.be\/fr\/#organization"},"potentialAction":[{"@type":"SearchAction","target":{"@type":"EntryPoint","urlTemplate":"http:\/\/www.waooh.be\/fr\/?s={search_term_string}"},"query-input":{"@type":"PropertyValueSpecification","valueRequired":true,"valueName":"search_term_string"}}],"inLanguage":"fr-FR"},{"@type":"Organization","@id":"http:\/\/www.waooh.be\/fr\/#organization","name":"Waooh","url":"http:\/\/www.waooh.be\/fr\/","logo":{"@type":"ImageObject","inLanguage":"fr-FR","@id":"http:\/\/www.waooh.be\/fr\/#\/schema\/logo\/image\/","url":"https:\/\/www.waooh.be\/wp-content\/uploads\/2025\/05\/Waooh_logo.svg","contentUrl":"https:\/\/www.waooh.be\/wp-content\/uploads\/2025\/05\/Waooh_logo.svg","width":421,"height":351,"caption":"Waooh"},"image":{"@id":"http:\/\/www.waooh.be\/fr\/#\/schema\/logo\/image\/"}}]}},"_links":{"self":[{"href":"https:\/\/www.waooh.be\/fr\/wp-json\/wp\/v2\/pages\/2386","targetHints":{"allow":["GET"]}}],"collection":[{"href":"https:\/\/www.waooh.be\/fr\/wp-json\/wp\/v2\/pages"}],"about":[{"href":"https:\/\/www.waooh.be\/fr\/wp-json\/wp\/v2\/types\/page"}],"author":[{"embeddable":true,"href":"https:\/\/www.waooh.be\/fr\/wp-json\/wp\/v2\/users\/1"}],"replies":[{"embeddable":true,"href":"https:\/\/www.waooh.be\/fr\/wp-json\/wp\/v2\/comments?post=2386"}],"version-history":[{"count":15,"href":"https:\/\/www.waooh.be\/fr\/wp-json\/wp\/v2\/pages\/2386\/revisions"}],"predecessor-version":[{"id":2512,"href":"https:\/\/www.waooh.be\/fr\/wp-json\/wp\/v2\/pages\/2386\/revisions\/2512"}],"wp:attachment":[{"href":"https:\/\/www.waooh.be\/fr\/wp-json\/wp\/v2\/media?parent=2386"}],"curies":[{"name":"wp","href":"https:\/\/api.w.org\/{rel}","templated":true}]}}