{"id":2384,"date":"2025-05-26T12:45:37","date_gmt":"2025-05-26T12:45:37","guid":{"rendered":"https:\/\/www.waooh.be\/informations-legales\/"},"modified":"2025-08-04T14:52:23","modified_gmt":"2025-08-04T14:52:23","slug":"informations-legales","status":"publish","type":"page","link":"https:\/\/www.waooh.be\/fr\/informations-legales\/","title":{"rendered":"Informations L\u00e9gales"},"content":{"rendered":"\t\t<div data-elementor-type=\"wp-page\" data-elementor-id=\"2384\" class=\"elementor elementor-2384 elementor-597\" data-elementor-post-type=\"page\">\n\t\t\t\t<div class=\"elementor-element elementor-element-6a30879b e-flex e-con-boxed e-con e-parent\" data-id=\"6a30879b\" data-element_type=\"container\" data-e-type=\"container\" data-settings=\"{&quot;background_background&quot;:&quot;classic&quot;}\">\n\t\t\t\t\t<div class=\"e-con-inner\">\n\t\t\t\t<div class=\"elementor-element elementor-element-171e80d3 elementor-nav-menu__align-center elementor-nav-menu--dropdown-none elementor-widget elementor-widget-nav-menu\" data-id=\"171e80d3\" data-element_type=\"widget\" data-e-type=\"widget\" data-settings=\"{&quot;layout&quot;:&quot;horizontal&quot;,&quot;submenu_icon&quot;:{&quot;value&quot;:&quot;&lt;svg aria-hidden=\\&quot;true\\&quot; class=\\&quot;e-font-icon-svg e-fas-caret-down\\&quot; viewBox=\\&quot;0 0 320 512\\&quot; xmlns=\\&quot;http:\\\/\\\/www.w3.org\\\/2000\\\/svg\\&quot;&gt;&lt;path d=\\&quot;M31.3 192h257.3c17.8 0 26.7 21.5 14.1 34.1L174.1 354.8c-7.8 7.8-20.5 7.8-28.3 0L17.2 226.1C4.6 213.5 13.5 192 31.3 192z\\&quot;&gt;&lt;\\\/path&gt;&lt;\\\/svg&gt;&quot;,&quot;library&quot;:&quot;fa-solid&quot;}}\" data-widget_type=\"nav-menu.default\">\n\t\t\t\t<div class=\"elementor-widget-container\">\n\t\t\t\t\t\t\t\t<nav aria-label=\"Menu\" class=\"elementor-nav-menu--main elementor-nav-menu__container elementor-nav-menu--layout-horizontal e--pointer-none\">\n\t\t\t\t<ul id=\"menu-1-171e80d3\" class=\"elementor-nav-menu\"><li class=\"menu-item menu-item-type-post_type menu-item-object-page menu-item-599\"><a href=\"https:\/\/www.waooh.be\/legal-policy\/\" class=\"elementor-item\">Informations L\u00e9gales<\/a><\/li>\n<li class=\"menu-item menu-item-type-post_type menu-item-object-page menu-item-602\"><a rel=\"privacy-policy\" href=\"https:\/\/www.waooh.be\/privacy-notice\/\" class=\"elementor-item\">Politique de Confidentialit\u00e9<\/a><\/li>\n<li class=\"menu-item menu-item-type-post_type menu-item-object-page menu-item-601\"><a href=\"https:\/\/www.waooh.be\/cookies-notice\/\" class=\"elementor-item\">Politique de Cookies<\/a><\/li>\n<li class=\"menu-item menu-item-type-post_type menu-item-object-page menu-item-600\"><a href=\"https:\/\/www.waooh.be\/intellectual-property-notice\/\" class=\"elementor-item\">Politique de propri\u00e9t\u00e9 intellectuelle<\/a><\/li>\n<li class=\"menu-item menu-item-type-post_type menu-item-object-page menu-item-603\"><a href=\"https:\/\/www.waooh.be\/conditions-of-use\/\" class=\"elementor-item\">Conditions d\u2019utilisation<\/a><\/li>\n<\/ul>\t\t\t<\/nav>\n\t\t\t\t\t\t<nav class=\"elementor-nav-menu--dropdown elementor-nav-menu__container\" aria-hidden=\"true\">\n\t\t\t\t<ul id=\"menu-2-171e80d3\" class=\"elementor-nav-menu\"><li class=\"menu-item menu-item-type-post_type menu-item-object-page menu-item-599\"><a href=\"https:\/\/www.waooh.be\/legal-policy\/\" class=\"elementor-item\" tabindex=\"-1\">Informations L\u00e9gales<\/a><\/li>\n<li class=\"menu-item menu-item-type-post_type menu-item-object-page menu-item-602\"><a rel=\"privacy-policy\" href=\"https:\/\/www.waooh.be\/privacy-notice\/\" class=\"elementor-item\" tabindex=\"-1\">Politique de Confidentialit\u00e9<\/a><\/li>\n<li class=\"menu-item menu-item-type-post_type menu-item-object-page menu-item-601\"><a href=\"https:\/\/www.waooh.be\/cookies-notice\/\" class=\"elementor-item\" tabindex=\"-1\">Politique de Cookies<\/a><\/li>\n<li class=\"menu-item menu-item-type-post_type menu-item-object-page menu-item-600\"><a href=\"https:\/\/www.waooh.be\/intellectual-property-notice\/\" class=\"elementor-item\" tabindex=\"-1\">Politique de propri\u00e9t\u00e9 intellectuelle<\/a><\/li>\n<li class=\"menu-item menu-item-type-post_type menu-item-object-page menu-item-603\"><a href=\"https:\/\/www.waooh.be\/conditions-of-use\/\" class=\"elementor-item\" tabindex=\"-1\">Conditions d\u2019utilisation<\/a><\/li>\n<\/ul>\t\t\t<\/nav>\n\t\t\t\t\t\t<\/div>\n\t\t\t\t<\/div>\n\t\t\t\t\t<\/div>\n\t\t\t\t<\/div>\n\t\t<div class=\"elementor-element elementor-element-5b9f5de3 e-flex e-con-boxed e-con e-parent\" data-id=\"5b9f5de3\" data-element_type=\"container\" data-e-type=\"container\">\n\t\t\t\t\t<div class=\"e-con-inner\">\n\t\t\t\t<div class=\"elementor-element elementor-element-75db4a10 elementor-widget elementor-widget-heading\" data-id=\"75db4a10\" data-element_type=\"widget\" data-e-type=\"widget\" data-widget_type=\"heading.default\">\n\t\t\t\t<div class=\"elementor-widget-container\">\n\t\t\t\t\t<h1 class=\"elementor-heading-title elementor-size-default\">Informations L\u00e9gales<\/h1>\t\t\t\t<\/div>\n\t\t\t\t<\/div>\n\t\t\t\t<div class=\"elementor-element elementor-element-23836645 elementor-widget elementor-widget-text-editor\" data-id=\"23836645\" data-element_type=\"widget\" data-e-type=\"widget\" data-widget_type=\"text-editor.default\">\n\t\t\t\t<div class=\"elementor-widget-container\">\n\t\t\t\t\t\t\t\t\t<p><span style=\"font-weight: 400;\">Le pr\u00e9sent site web est \u00e9dit\u00e9 par <\/span><b>Waooh! <\/b><span style=\"font-weight: 400;\">&#8211; un studio d&rsquo;animation belge, cr\u00e9atif et innovant dans le domaine de l&rsquo;animation 2D et 3D &#8211; ou ses <\/span><b>repr\u00e9sentants l\u00e9gaux. <\/b><span style=\"font-weight: 400;\">Conform\u00e9ment \u00e0 la l\u00e9gislation belge et europ\u00e9enne, cette page a pour but d\u2019informer l\u2019utilisateur sur l\u2019identit\u00e9 de l\u2019\u00e9diteur du site, l\u2019h\u00e9bergement, les droits de propri\u00e9t\u00e9 intellectuelle, ainsi que les conditions d\u2019utilisation du site et le traitement des donn\u00e9es personnelles, conform\u00e9ment \u00e0 la loi belge sur certains aspects juridiques des services de la soci\u00e9t\u00e9 de l&rsquo;information (e-commerce) et au R\u00e8glement G\u00e9n\u00e9ral sur la Protection des Donn\u00e9es (RGPD).<\/span><\/p>\n<ol>\n<li><b> Informations sur l\u2019\u00e9diteur du site<\/b><\/li>\n<\/ol>\n<p><\/p>\n<ul>\n<li style=\"font-weight: 400;\" aria-level=\"1\"><span style=\"font-weight: 400;\">Nom de l\u2019entreprise : Waooh!<\/span><\/li>\n<li style=\"font-weight: 400;\" aria-level=\"1\"><span style=\"font-weight: 400;\">Forme juridique : SRL<\/span><\/li>\n<li style=\"font-weight: 400;\" aria-level=\"1\"><span style=\"font-weight: 400;\">Si\u00e8ge social : Rue de Mulhouse 36, 4020, Li\u00e8ge, Belgique<\/span><\/li>\n<li style=\"font-weight: 400;\" aria-level=\"1\"><span style=\"font-weight: 400;\">Num\u00e9ro d\u2019entreprise (BCE) : 0831099958<\/span><\/li>\n<li style=\"font-weight: 400;\" aria-level=\"1\"><span style=\"font-weight: 400;\">Num\u00e9ro de TVA\u00a0: BE 0831 099 958<\/span><\/li>\n<li style=\"font-weight: 400;\" aria-level=\"1\"><span style=\"font-weight: 400;\">T\u00e9l\u00e9phone : +32 (0) 4 267 65 50<\/span><\/li>\n<li style=\"font-weight: 400;\" aria-level=\"1\"><span style=\"font-weight: 400;\">Adresse e-mail : sebastien@waooh.be<\/span><\/li>\n<li style=\"font-weight: 400;\" aria-level=\"1\"><span style=\"font-weight: 400;\">Responsable de la publication : S\u00e9bastien Dohogne, G\u00e9rant<\/span><\/li>\n<\/ul>\n<p><\/p>\n<ol start=\"2\">\n<li><b> H\u00e9bergement du site<\/b><\/li>\n<\/ol>\n<p><\/p>\n<ul>\n<li style=\"font-weight: 400;\" aria-level=\"1\"><span style=\"font-weight: 400;\">H\u00e9bergeur : OVH SAS<\/span><\/li>\n<li style=\"font-weight: 400;\" aria-level=\"1\"><span style=\"font-weight: 400;\">Adresse :\u00a0 2, rue Kellermann &#8211; 59100 Roubaix &#8211; France<\/span><\/li>\n<li style=\"font-weight: 400;\" aria-level=\"1\"><span style=\"font-weight: 400;\">Site web : www.waooh.be<\/span><\/li>\n<li style=\"font-weight: 400;\" aria-level=\"1\"><span style=\"font-weight: 400;\">Email support : info@waooh.be<\/span><\/li>\n<\/ul>\n<p><\/p>\n<ol start=\"3\">\n<li><b> Propri\u00e9t\u00e9 intellectuelle<\/b><\/li>\n<\/ol>\n<p><span style=\"font-weight: 400;\">L\u2019ensemble du contenu du site www.waooh.be (textes, images, animations, vid\u00e9os, graphismes, logo, identit\u00e9 visuelle, etc.) est la propri\u00e9t\u00e9 exclusive de Waooh!, de ses partenaires ou de ses clients. Toute reproduction, repr\u00e9sentation, adaptation ou exploitation, partielle ou totale, est interdite sans autorisation pr\u00e9alable \u00e9crite de Waooh!. Pour en savoir plus, consultez notre <\/span><b>Politique de Propri\u00e9t\u00e9 Intellectuelle.<\/b><\/p>\n<ol start=\"4\">\n<li><b> Conditions d\u2019utilisation<\/b><\/li>\n<\/ol>\n<p><span style=\"font-weight: 400;\">L\u2019utilisateur du site reconna\u00eet disposer des comp\u00e9tences et des moyens n\u00e9cessaires pour acc\u00e9der et utiliser ce site. Il s\u2019engage \u00e0 ne pas porter atteinte \u00e0 son bon fonctionnement, \u00e0 sa s\u00e9curit\u00e9 ou \u00e0 son contenu.<\/span><\/p>\n<p><b>Waooh!<\/b><span style=\"font-weight: 400;\"> d\u00e9cline toute responsabilit\u00e9 en cas :<\/span><\/p>\n<ul>\n<li style=\"font-weight: 400;\" aria-level=\"1\"><span style=\"font-weight: 400;\">D\u2019interruption du site.<\/span><\/li>\n<li style=\"font-weight: 400;\" aria-level=\"1\"><span style=\"font-weight: 400;\">De bugs ou d\u2019erreurs.<\/span><\/li>\n<li style=\"font-weight: 400;\" aria-level=\"1\"><span style=\"font-weight: 400;\">De dommages indirects li\u00e9s \u00e0 l\u2019utilisation du site ou de ses contenus.<\/span><\/li>\n<\/ul>\n<p><span style=\"font-weight: 400;\">Pour en savoir plus, consultez les <\/span><b>Conditions d\u2019Utilisation.<\/b><\/p>\n<ol start=\"5\">\n<li><b> Donn\u00e9es personnelles<\/b><\/li>\n<\/ol>\n<p><span style=\"font-weight: 400;\">Les informations collect\u00e9es via notre site (formulaires, candidatures, cookies, etc.) sont trait\u00e9es dans le respect du R\u00e8glement G\u00e9n\u00e9ral sur la Protection des Donn\u00e9es (RGPD). Pour en savoir plus, consultez notre <\/span><b>Politique de Confidentialit\u00e9<\/b><span style=\"font-weight: 400;\"> et notre <\/span><b>Politique de Cookies<\/b><span style=\"font-weight: 400;\">.<\/span><\/p>\n<ol start=\"6\">\n<li><b> Liens hypertextes<\/b><\/li>\n<\/ol>\n<p><span style=\"font-weight: 400;\">Le site peut contenir des liens vers d&rsquo;autres sites. Waooh\u00a0! n&rsquo;est pas responsable du contenu ou du bon fonctionnement de ces sites tiers.<\/span><\/p>\n<ol start=\"7\">\n<li><b> Droit applicable<\/b><\/li>\n<\/ol>\n<p><span style=\"font-weight: 400;\">Le site et ses mentions l\u00e9gales sont soumis au droit belge. En cas de litige, les tribunaux de l\u2019arrondissement judiciaire de Bruxelles seront seuls comp\u00e9tents, sauf dispositions l\u00e9gales contraires.<\/span><\/p>\n\t\t\t\t\t\t\t\t<\/div>\n\t\t\t\t<\/div>\n\t\t\t\t\t<\/div>\n\t\t\t\t<\/div>\n\t\t\t\t<\/div>\n\t\t","protected":false},"excerpt":{"rendered":"<p>Informations L\u00e9gales Le pr\u00e9sent site web est \u00e9dit\u00e9 par Waooh! &#8211; un studio d&rsquo;animation belge, cr\u00e9atif et innovant dans le domaine de l&rsquo;animation 2D et 3D &#8211; ou ses repr\u00e9sentants l\u00e9gaux. Conform\u00e9ment \u00e0 la l\u00e9gislation belge et europ\u00e9enne, cette page a pour but d\u2019informer l\u2019utilisateur sur l\u2019identit\u00e9 de l\u2019\u00e9diteur du site, l\u2019h\u00e9bergement, les droits de [&hellip;]<\/p>\n","protected":false},"author":1,"featured_media":0,"parent":0,"menu_order":0,"comment_status":"closed","ping_status":"closed","template":"","meta":{"_acf_changed":false,"inline_featured_image":false,"footnotes":""},"class_list":["post-2384","page","type-page","status-publish","hentry"],"acf":[],"yoast_head":"<!-- This site is optimized with the Yoast SEO plugin v27.4 - https:\/\/yoast.com\/product\/yoast-seo-wordpress\/ -->\n<title>Informations L\u00e9gales - Waooh<\/title>\n<meta name=\"robots\" content=\"index, follow, max-snippet:-1, max-image-preview:large, max-video-preview:-1\" \/>\n<link rel=\"canonical\" href=\"https:\/\/www.waooh.be\/fr\/informations-legales\/\" \/>\n<meta property=\"og:locale\" content=\"fr_FR\" \/>\n<meta property=\"og:type\" content=\"article\" \/>\n<meta property=\"og:title\" content=\"Informations L\u00e9gales - Waooh\" \/>\n<meta property=\"og:description\" content=\"Informations L\u00e9gales Le pr\u00e9sent site web est \u00e9dit\u00e9 par Waooh! &#8211; un studio d&rsquo;animation belge, cr\u00e9atif et innovant dans le domaine de l&rsquo;animation 2D et 3D &#8211; ou ses repr\u00e9sentants l\u00e9gaux. Conform\u00e9ment \u00e0 la l\u00e9gislation belge et europ\u00e9enne, cette page a pour but d\u2019informer l\u2019utilisateur sur l\u2019identit\u00e9 de l\u2019\u00e9diteur du site, l\u2019h\u00e9bergement, les droits de [&hellip;]\" \/>\n<meta property=\"og:url\" content=\"https:\/\/www.waooh.be\/fr\/informations-legales\/\" \/>\n<meta property=\"og:site_name\" content=\"Waooh\" \/>\n<meta property=\"article:modified_time\" content=\"2025-08-04T14:52:23+00:00\" \/>\n<meta name=\"twitter:card\" content=\"summary_large_image\" \/>\n<meta name=\"twitter:label1\" content=\"Dur\u00e9e de lecture estim\u00e9e\" \/>\n\t<meta name=\"twitter:data1\" content=\"2 minutes\" \/>\n<script type=\"application\/ld+json\" class=\"yoast-schema-graph\">{\"@context\":\"https:\\\/\\\/schema.org\",\"@graph\":[{\"@type\":\"WebPage\",\"@id\":\"https:\\\/\\\/www.waooh.be\\\/fr\\\/informations-legales\\\/\",\"url\":\"https:\\\/\\\/www.waooh.be\\\/fr\\\/informations-legales\\\/\",\"name\":\"Informations L\u00e9gales - Waooh\",\"isPartOf\":{\"@id\":\"http:\\\/\\\/www.waooh.be\\\/fr\\\/#website\"},\"datePublished\":\"2025-05-26T12:45:37+00:00\",\"dateModified\":\"2025-08-04T14:52:23+00:00\",\"breadcrumb\":{\"@id\":\"https:\\\/\\\/www.waooh.be\\\/fr\\\/informations-legales\\\/#breadcrumb\"},\"inLanguage\":\"fr-FR\",\"potentialAction\":[{\"@type\":\"ReadAction\",\"target\":[\"https:\\\/\\\/www.waooh.be\\\/fr\\\/informations-legales\\\/\"]}]},{\"@type\":\"BreadcrumbList\",\"@id\":\"https:\\\/\\\/www.waooh.be\\\/fr\\\/informations-legales\\\/#breadcrumb\",\"itemListElement\":[{\"@type\":\"ListItem\",\"position\":1,\"name\":\"Home\",\"item\":\"http:\\\/\\\/www.waooh.be\\\/fr\\\/\"},{\"@type\":\"ListItem\",\"position\":2,\"name\":\"Informations L\u00e9gales\"}]},{\"@type\":\"WebSite\",\"@id\":\"http:\\\/\\\/www.waooh.be\\\/fr\\\/#website\",\"url\":\"http:\\\/\\\/www.waooh.be\\\/fr\\\/\",\"name\":\"Waooh\",\"description\":\"Studio d&#039;animation belge, espace de formation pour jeunes cr\u00e9atifs dans le domaine de l&#039;animation.\",\"publisher\":{\"@id\":\"http:\\\/\\\/www.waooh.be\\\/fr\\\/#organization\"},\"potentialAction\":[{\"@type\":\"SearchAction\",\"target\":{\"@type\":\"EntryPoint\",\"urlTemplate\":\"http:\\\/\\\/www.waooh.be\\\/fr\\\/?s={search_term_string}\"},\"query-input\":{\"@type\":\"PropertyValueSpecification\",\"valueRequired\":true,\"valueName\":\"search_term_string\"}}],\"inLanguage\":\"fr-FR\"},{\"@type\":\"Organization\",\"@id\":\"http:\\\/\\\/www.waooh.be\\\/fr\\\/#organization\",\"name\":\"Waooh\",\"url\":\"http:\\\/\\\/www.waooh.be\\\/fr\\\/\",\"logo\":{\"@type\":\"ImageObject\",\"inLanguage\":\"fr-FR\",\"@id\":\"http:\\\/\\\/www.waooh.be\\\/fr\\\/#\\\/schema\\\/logo\\\/image\\\/\",\"url\":\"https:\\\/\\\/www.waooh.be\\\/wp-content\\\/uploads\\\/2025\\\/05\\\/Waooh_logo.svg\",\"contentUrl\":\"https:\\\/\\\/www.waooh.be\\\/wp-content\\\/uploads\\\/2025\\\/05\\\/Waooh_logo.svg\",\"width\":421,\"height\":351,\"caption\":\"Waooh\"},\"image\":{\"@id\":\"http:\\\/\\\/www.waooh.be\\\/fr\\\/#\\\/schema\\\/logo\\\/image\\\/\"}}]}<\/script>\n<!-- \/ Yoast SEO plugin. -->","yoast_head_json":{"title":"Informations L\u00e9gales - Waooh","robots":{"index":"index","follow":"follow","max-snippet":"max-snippet:-1","max-image-preview":"max-image-preview:large","max-video-preview":"max-video-preview:-1"},"canonical":"https:\/\/www.waooh.be\/fr\/informations-legales\/","og_locale":"fr_FR","og_type":"article","og_title":"Informations L\u00e9gales - Waooh","og_description":"Informations L\u00e9gales Le pr\u00e9sent site web est \u00e9dit\u00e9 par Waooh! &#8211; un studio d&rsquo;animation belge, cr\u00e9atif et innovant dans le domaine de l&rsquo;animation 2D et 3D &#8211; ou ses repr\u00e9sentants l\u00e9gaux. Conform\u00e9ment \u00e0 la l\u00e9gislation belge et europ\u00e9enne, cette page a pour but d\u2019informer l\u2019utilisateur sur l\u2019identit\u00e9 de l\u2019\u00e9diteur du site, l\u2019h\u00e9bergement, les droits de [&hellip;]","og_url":"https:\/\/www.waooh.be\/fr\/informations-legales\/","og_site_name":"Waooh","article_modified_time":"2025-08-04T14:52:23+00:00","twitter_card":"summary_large_image","twitter_misc":{"Dur\u00e9e de lecture estim\u00e9e":"2 minutes"},"schema":{"@context":"https:\/\/schema.org","@graph":[{"@type":"WebPage","@id":"https:\/\/www.waooh.be\/fr\/informations-legales\/","url":"https:\/\/www.waooh.be\/fr\/informations-legales\/","name":"Informations L\u00e9gales - Waooh","isPartOf":{"@id":"http:\/\/www.waooh.be\/fr\/#website"},"datePublished":"2025-05-26T12:45:37+00:00","dateModified":"2025-08-04T14:52:23+00:00","breadcrumb":{"@id":"https:\/\/www.waooh.be\/fr\/informations-legales\/#breadcrumb"},"inLanguage":"fr-FR","potentialAction":[{"@type":"ReadAction","target":["https:\/\/www.waooh.be\/fr\/informations-legales\/"]}]},{"@type":"BreadcrumbList","@id":"https:\/\/www.waooh.be\/fr\/informations-legales\/#breadcrumb","itemListElement":[{"@type":"ListItem","position":1,"name":"Home","item":"http:\/\/www.waooh.be\/fr\/"},{"@type":"ListItem","position":2,"name":"Informations L\u00e9gales"}]},{"@type":"WebSite","@id":"http:\/\/www.waooh.be\/fr\/#website","url":"http:\/\/www.waooh.be\/fr\/","name":"Waooh","description":"Studio d&#039;animation belge, espace de formation pour jeunes cr\u00e9atifs dans le domaine de l&#039;animation.","publisher":{"@id":"http:\/\/www.waooh.be\/fr\/#organization"},"potentialAction":[{"@type":"SearchAction","target":{"@type":"EntryPoint","urlTemplate":"http:\/\/www.waooh.be\/fr\/?s={search_term_string}"},"query-input":{"@type":"PropertyValueSpecification","valueRequired":true,"valueName":"search_term_string"}}],"inLanguage":"fr-FR"},{"@type":"Organization","@id":"http:\/\/www.waooh.be\/fr\/#organization","name":"Waooh","url":"http:\/\/www.waooh.be\/fr\/","logo":{"@type":"ImageObject","inLanguage":"fr-FR","@id":"http:\/\/www.waooh.be\/fr\/#\/schema\/logo\/image\/","url":"https:\/\/www.waooh.be\/wp-content\/uploads\/2025\/05\/Waooh_logo.svg","contentUrl":"https:\/\/www.waooh.be\/wp-content\/uploads\/2025\/05\/Waooh_logo.svg","width":421,"height":351,"caption":"Waooh"},"image":{"@id":"http:\/\/www.waooh.be\/fr\/#\/schema\/logo\/image\/"}}]}},"_links":{"self":[{"href":"https:\/\/www.waooh.be\/fr\/wp-json\/wp\/v2\/pages\/2384","targetHints":{"allow":["GET"]}}],"collection":[{"href":"https:\/\/www.waooh.be\/fr\/wp-json\/wp\/v2\/pages"}],"about":[{"href":"https:\/\/www.waooh.be\/fr\/wp-json\/wp\/v2\/types\/page"}],"author":[{"embeddable":true,"href":"https:\/\/www.waooh.be\/fr\/wp-json\/wp\/v2\/users\/1"}],"replies":[{"embeddable":true,"href":"https:\/\/www.waooh.be\/fr\/wp-json\/wp\/v2\/comments?post=2384"}],"version-history":[{"count":1,"href":"https:\/\/www.waooh.be\/fr\/wp-json\/wp\/v2\/pages\/2384\/revisions"}],"predecessor-version":[{"id":2385,"href":"https:\/\/www.waooh.be\/fr\/wp-json\/wp\/v2\/pages\/2384\/revisions\/2385"}],"wp:attachment":[{"href":"https:\/\/www.waooh.be\/fr\/wp-json\/wp\/v2\/media?parent=2384"}],"curies":[{"name":"wp","href":"https:\/\/api.w.org\/{rel}","templated":true}]}}