{"id":2380,"date":"2025-05-26T12:45:03","date_gmt":"2025-05-26T12:45:03","guid":{"rendered":"https:\/\/www.waooh.be\/politique-de-propriete-intellectuelle\/"},"modified":"2025-08-26T10:34:12","modified_gmt":"2025-08-26T10:34:12","slug":"politique-de-propriete-intellectuelle","status":"publish","type":"page","link":"https:\/\/www.waooh.be\/fr\/politique-de-propriete-intellectuelle\/","title":{"rendered":"Politique de propri\u00e9t\u00e9 intellectuelle"},"content":{"rendered":"\t\t<div data-elementor-type=\"wp-page\" data-elementor-id=\"2380\" class=\"elementor elementor-2380 elementor-595\" data-elementor-post-type=\"page\">\n\t\t\t\t<div class=\"elementor-element elementor-element-2cb83c97 e-flex e-con-boxed e-con e-parent\" data-id=\"2cb83c97\" data-element_type=\"container\" data-e-type=\"container\" data-settings=\"{&quot;background_background&quot;:&quot;classic&quot;}\">\n\t\t\t\t\t<div class=\"e-con-inner\">\n\t\t\t\t<div class=\"elementor-element elementor-element-30fe9ea5 elementor-nav-menu__align-center elementor-nav-menu--dropdown-none elementor-widget elementor-widget-nav-menu\" data-id=\"30fe9ea5\" data-element_type=\"widget\" data-e-type=\"widget\" data-settings=\"{&quot;layout&quot;:&quot;horizontal&quot;,&quot;submenu_icon&quot;:{&quot;value&quot;:&quot;&lt;svg aria-hidden=\\&quot;true\\&quot; class=\\&quot;e-font-icon-svg e-fas-caret-down\\&quot; viewBox=\\&quot;0 0 320 512\\&quot; xmlns=\\&quot;http:\\\/\\\/www.w3.org\\\/2000\\\/svg\\&quot;&gt;&lt;path d=\\&quot;M31.3 192h257.3c17.8 0 26.7 21.5 14.1 34.1L174.1 354.8c-7.8 7.8-20.5 7.8-28.3 0L17.2 226.1C4.6 213.5 13.5 192 31.3 192z\\&quot;&gt;&lt;\\\/path&gt;&lt;\\\/svg&gt;&quot;,&quot;library&quot;:&quot;fa-solid&quot;}}\" data-widget_type=\"nav-menu.default\">\n\t\t\t\t<div class=\"elementor-widget-container\">\n\t\t\t\t\t\t\t\t<nav aria-label=\"Menu\" class=\"elementor-nav-menu--main elementor-nav-menu__container elementor-nav-menu--layout-horizontal e--pointer-none\">\n\t\t\t\t<ul id=\"menu-1-30fe9ea5\" class=\"elementor-nav-menu\"><li class=\"menu-item menu-item-type-post_type menu-item-object-page menu-item-599\"><a href=\"https:\/\/www.waooh.be\/legal-policy\/\" class=\"elementor-item\">Informations L\u00e9gales<\/a><\/li>\n<li class=\"menu-item menu-item-type-post_type menu-item-object-page menu-item-602\"><a rel=\"privacy-policy\" href=\"https:\/\/www.waooh.be\/privacy-notice\/\" class=\"elementor-item\">Politique de Confidentialit\u00e9<\/a><\/li>\n<li class=\"menu-item menu-item-type-post_type menu-item-object-page menu-item-601\"><a href=\"https:\/\/www.waooh.be\/cookies-notice\/\" class=\"elementor-item\">Politique de Cookies<\/a><\/li>\n<li class=\"menu-item menu-item-type-post_type menu-item-object-page menu-item-600\"><a href=\"https:\/\/www.waooh.be\/intellectual-property-notice\/\" class=\"elementor-item\">Politique de propri\u00e9t\u00e9 intellectuelle<\/a><\/li>\n<li class=\"menu-item menu-item-type-post_type menu-item-object-page menu-item-603\"><a href=\"https:\/\/www.waooh.be\/conditions-of-use\/\" class=\"elementor-item\">Conditions d\u2019utilisation<\/a><\/li>\n<\/ul>\t\t\t<\/nav>\n\t\t\t\t\t\t<nav class=\"elementor-nav-menu--dropdown elementor-nav-menu__container\" aria-hidden=\"true\">\n\t\t\t\t<ul id=\"menu-2-30fe9ea5\" class=\"elementor-nav-menu\"><li class=\"menu-item menu-item-type-post_type menu-item-object-page menu-item-599\"><a href=\"https:\/\/www.waooh.be\/legal-policy\/\" class=\"elementor-item\" tabindex=\"-1\">Informations L\u00e9gales<\/a><\/li>\n<li class=\"menu-item menu-item-type-post_type menu-item-object-page menu-item-602\"><a rel=\"privacy-policy\" href=\"https:\/\/www.waooh.be\/privacy-notice\/\" class=\"elementor-item\" tabindex=\"-1\">Politique de Confidentialit\u00e9<\/a><\/li>\n<li class=\"menu-item menu-item-type-post_type menu-item-object-page menu-item-601\"><a href=\"https:\/\/www.waooh.be\/cookies-notice\/\" class=\"elementor-item\" tabindex=\"-1\">Politique de Cookies<\/a><\/li>\n<li class=\"menu-item menu-item-type-post_type menu-item-object-page menu-item-600\"><a href=\"https:\/\/www.waooh.be\/intellectual-property-notice\/\" class=\"elementor-item\" tabindex=\"-1\">Politique de propri\u00e9t\u00e9 intellectuelle<\/a><\/li>\n<li class=\"menu-item menu-item-type-post_type menu-item-object-page menu-item-603\"><a href=\"https:\/\/www.waooh.be\/conditions-of-use\/\" class=\"elementor-item\" tabindex=\"-1\">Conditions d\u2019utilisation<\/a><\/li>\n<\/ul>\t\t\t<\/nav>\n\t\t\t\t\t\t<\/div>\n\t\t\t\t<\/div>\n\t\t\t\t\t<\/div>\n\t\t\t\t<\/div>\n\t\t<div class=\"elementor-element elementor-element-26617f5d e-flex e-con-boxed e-con e-parent\" data-id=\"26617f5d\" data-element_type=\"container\" data-e-type=\"container\">\n\t\t\t\t\t<div class=\"e-con-inner\">\n\t\t\t\t<div class=\"elementor-element elementor-element-74d8b6aa elementor-widget elementor-widget-heading\" data-id=\"74d8b6aa\" data-element_type=\"widget\" data-e-type=\"widget\" data-widget_type=\"heading.default\">\n\t\t\t\t<div class=\"elementor-widget-container\">\n\t\t\t\t\t<h1 class=\"elementor-heading-title elementor-size-default\">Politique de propri\u00e9t\u00e9 intellectuelle<\/h1>\t\t\t\t<\/div>\n\t\t\t\t<\/div>\n\t\t\t\t<div class=\"elementor-element elementor-element-3b22f4db elementor-widget elementor-widget-text-editor\" data-id=\"3b22f4db\" data-element_type=\"widget\" data-e-type=\"widget\" data-widget_type=\"text-editor.default\">\n\t\t\t\t<div class=\"elementor-widget-container\">\n\t\t\t\t\t\t\t\t\t<p><span style=\"font-weight: 400;\">Les contenus pr\u00e9sents sur ce site tels que textes, images, vid\u00e9os, animations, sons, \u00e9l\u00e9ments graphiques, logo et design (liste non exhaustive), sont la propri\u00e9t\u00e9 exclusive de l\u2019agence <\/span><b>Waooh! <\/b><span style=\"font-weight: 400;\">ou sont utilis\u00e9s avec l\u2019autorisation expresse de leurs auteurs ou ayants droit.<\/span><\/p>\n<p><b><\/b><\/p>\n<p>&nbsp;<\/p>\n<p><b>\u0152uvres et projets des clients<\/b><\/p>\n<p><span style=\"font-weight: 400;\">Les projets d\u2019animation, extraits vid\u00e9o, images de production et autres visuels pr\u00e9sent\u00e9s dans notre portfolio sont publi\u00e9s avec l\u2019accord des clients concern\u00e9s, dans un but purement promotionnel et informatif. Ces \u0153uvres restent la propri\u00e9t\u00e9 intellectuelle de leurs auteurs respectifs, sauf disposition contractuelle contraire.<\/span><\/p>\n<p><span style=\"font-weight: 400;\">Toute reproduction, modification ou r\u00e9utilisation de ces contenus sans autorisation explicite est interdite.<\/span><\/p>\n<p><b><\/b><\/p>\n<p>&nbsp;<\/p>\n<p><b>Ressources externes<\/b><\/p>\n<p><span style=\"font-weight: 400;\">Certains \u00e9l\u00e9ments visuels ou techniques peuvent provenir de sources tierces (typographies, ic\u00f4nes, images libres de droits, etc.) et sont utilis\u00e9s dans le respect de leurs licences respectives.<\/span><span style=\"font-weight: 400;\"><br \/>\n<\/span><span style=\"font-weight: 400;\">Exemples :<\/span><\/p>\n<ul>\n<li style=\"font-weight: 400;\" aria-level=\"1\"><span style=\"font-weight: 400;\">Typographie : Awesome. Copyright 2018 the Niramit Project Authors.<\/span><\/li>\n<\/ul>\n<p><a href=\"https:\/\/fontawesome.com\/support#can-i-use-font-awesome-free-in-open-source-projects\"><span style=\"font-weight: 400;\">https:\/\/fontawesome.com\/support#can-i-use-font-awesome-free-in-open-source-projects<\/span><\/a><\/p>\n<ul>\n<li style=\"font-weight: 400;\" aria-level=\"1\"><span style=\"font-weight: 400;\">Ic\u00f4nes : L\u2019\u00e9quipe cr\u00e9ative de Break the Grid; Font Awesome, Noun Project.<\/span><\/li>\n<li style=\"font-weight: 400;\" aria-level=\"1\"><span style=\"font-weight: 400;\">M\u00e9dias : En collaboration avec nos clients et partenaires cr\u00e9atifs.\u00a0<\/span><\/li>\n<\/ul>\n<p>&nbsp;<\/p>\n<p><b>Cr\u00e9dits techniques<\/b><\/p>\n<ul>\n<li style=\"font-weight: 400;\" aria-level=\"1\"><span style=\"font-weight: 400;\">Direction artistique, animation et d\u00e9veloppement : Break the Grid<\/span><\/li>\n<li style=\"font-weight: 400;\" aria-level=\"1\"><span style=\"font-weight: 400;\">Conception du site : Break the Grid<\/span><\/li>\n<li style=\"font-weight: 400;\" aria-level=\"1\"><span style=\"font-weight: 400;\">Gestion administrative : S\u00e9bastien Dohogne<\/span><\/li>\n<li style=\"font-weight: 400;\" aria-level=\"1\"><span style=\"font-weight: 400;\">M\u00e9dias: Waooh!, en collaboration avec nos clients et partenaires cr\u00e9atifs.<\/span><\/li>\n<\/ul>\n<p><span style=\"font-weight: 400;\">Derni\u00e8re actualisation: le 6 juin 2025.<\/span><\/p>\n\t\t\t\t\t\t\t\t<\/div>\n\t\t\t\t<\/div>\n\t\t<div class=\"elementor-element elementor-element-489831e3 e-con-full e-flex e-con e-child\" data-id=\"489831e3\" data-element_type=\"container\" data-e-type=\"container\">\n\t\t<div class=\"elementor-element elementor-element-528f7503 e-con-full e-flex e-con e-child\" data-id=\"528f7503\" data-element_type=\"container\" data-e-type=\"container\">\n\t\t\t\t<\/div>\n\t\t\t\t<\/div>\n\t\t\t\t\t<\/div>\n\t\t\t\t<\/div>\n\t\t\t\t<\/div>\n\t\t","protected":false},"excerpt":{"rendered":"<p>Politique de propri\u00e9t\u00e9 intellectuelle Les contenus pr\u00e9sents sur ce site tels que textes, images, vid\u00e9os, animations, sons, \u00e9l\u00e9ments graphiques, logo et design (liste non exhaustive), sont la propri\u00e9t\u00e9 exclusive de l\u2019agence Waooh! ou sont utilis\u00e9s avec l\u2019autorisation expresse de leurs auteurs ou ayants droit. &nbsp; \u0152uvres et projets des clients Les projets d\u2019animation, extraits vid\u00e9o, [&hellip;]<\/p>\n","protected":false},"author":1,"featured_media":0,"parent":0,"menu_order":0,"comment_status":"closed","ping_status":"closed","template":"","meta":{"_acf_changed":false,"inline_featured_image":false,"footnotes":""},"class_list":["post-2380","page","type-page","status-publish","hentry"],"acf":[],"yoast_head":"<!-- This site is optimized with the Yoast SEO plugin v27.4 - https:\/\/yoast.com\/product\/yoast-seo-wordpress\/ -->\n<title>Politique de propri\u00e9t\u00e9 intellectuelle - Waooh<\/title>\n<meta name=\"robots\" content=\"index, follow, max-snippet:-1, max-image-preview:large, max-video-preview:-1\" \/>\n<link rel=\"canonical\" href=\"https:\/\/www.waooh.be\/fr\/politique-de-propriete-intellectuelle\/\" \/>\n<meta property=\"og:locale\" content=\"fr_FR\" \/>\n<meta property=\"og:type\" content=\"article\" \/>\n<meta property=\"og:title\" content=\"Politique de propri\u00e9t\u00e9 intellectuelle - Waooh\" \/>\n<meta property=\"og:description\" content=\"Politique de propri\u00e9t\u00e9 intellectuelle Les contenus pr\u00e9sents sur ce site tels que textes, images, vid\u00e9os, animations, sons, \u00e9l\u00e9ments graphiques, logo et design (liste non exhaustive), sont la propri\u00e9t\u00e9 exclusive de l\u2019agence Waooh! ou sont utilis\u00e9s avec l\u2019autorisation expresse de leurs auteurs ou ayants droit. &nbsp; \u0152uvres et projets des clients Les projets d\u2019animation, extraits vid\u00e9o, [&hellip;]\" \/>\n<meta property=\"og:url\" content=\"https:\/\/www.waooh.be\/fr\/politique-de-propriete-intellectuelle\/\" \/>\n<meta property=\"og:site_name\" content=\"Waooh\" \/>\n<meta property=\"article:modified_time\" content=\"2025-08-26T10:34:12+00:00\" \/>\n<meta name=\"twitter:card\" content=\"summary_large_image\" \/>\n<meta name=\"twitter:label1\" content=\"Dur\u00e9e de lecture estim\u00e9e\" \/>\n\t<meta name=\"twitter:data1\" content=\"1 minute\" \/>\n<script type=\"application\/ld+json\" class=\"yoast-schema-graph\">{\"@context\":\"https:\\\/\\\/schema.org\",\"@graph\":[{\"@type\":\"WebPage\",\"@id\":\"https:\\\/\\\/www.waooh.be\\\/fr\\\/politique-de-propriete-intellectuelle\\\/\",\"url\":\"https:\\\/\\\/www.waooh.be\\\/fr\\\/politique-de-propriete-intellectuelle\\\/\",\"name\":\"Politique de propri\u00e9t\u00e9 intellectuelle - Waooh\",\"isPartOf\":{\"@id\":\"http:\\\/\\\/www.waooh.be\\\/fr\\\/#website\"},\"datePublished\":\"2025-05-26T12:45:03+00:00\",\"dateModified\":\"2025-08-26T10:34:12+00:00\",\"breadcrumb\":{\"@id\":\"https:\\\/\\\/www.waooh.be\\\/fr\\\/politique-de-propriete-intellectuelle\\\/#breadcrumb\"},\"inLanguage\":\"fr-FR\",\"potentialAction\":[{\"@type\":\"ReadAction\",\"target\":[\"https:\\\/\\\/www.waooh.be\\\/fr\\\/politique-de-propriete-intellectuelle\\\/\"]}]},{\"@type\":\"BreadcrumbList\",\"@id\":\"https:\\\/\\\/www.waooh.be\\\/fr\\\/politique-de-propriete-intellectuelle\\\/#breadcrumb\",\"itemListElement\":[{\"@type\":\"ListItem\",\"position\":1,\"name\":\"Home\",\"item\":\"http:\\\/\\\/www.waooh.be\\\/fr\\\/\"},{\"@type\":\"ListItem\",\"position\":2,\"name\":\"Politique de propri\u00e9t\u00e9 intellectuelle\"}]},{\"@type\":\"WebSite\",\"@id\":\"http:\\\/\\\/www.waooh.be\\\/fr\\\/#website\",\"url\":\"http:\\\/\\\/www.waooh.be\\\/fr\\\/\",\"name\":\"Waooh\",\"description\":\"Studio d&#039;animation belge, espace de formation pour jeunes cr\u00e9atifs dans le domaine de l&#039;animation.\",\"publisher\":{\"@id\":\"http:\\\/\\\/www.waooh.be\\\/fr\\\/#organization\"},\"potentialAction\":[{\"@type\":\"SearchAction\",\"target\":{\"@type\":\"EntryPoint\",\"urlTemplate\":\"http:\\\/\\\/www.waooh.be\\\/fr\\\/?s={search_term_string}\"},\"query-input\":{\"@type\":\"PropertyValueSpecification\",\"valueRequired\":true,\"valueName\":\"search_term_string\"}}],\"inLanguage\":\"fr-FR\"},{\"@type\":\"Organization\",\"@id\":\"http:\\\/\\\/www.waooh.be\\\/fr\\\/#organization\",\"name\":\"Waooh\",\"url\":\"http:\\\/\\\/www.waooh.be\\\/fr\\\/\",\"logo\":{\"@type\":\"ImageObject\",\"inLanguage\":\"fr-FR\",\"@id\":\"http:\\\/\\\/www.waooh.be\\\/fr\\\/#\\\/schema\\\/logo\\\/image\\\/\",\"url\":\"https:\\\/\\\/www.waooh.be\\\/wp-content\\\/uploads\\\/2025\\\/05\\\/Waooh_logo.svg\",\"contentUrl\":\"https:\\\/\\\/www.waooh.be\\\/wp-content\\\/uploads\\\/2025\\\/05\\\/Waooh_logo.svg\",\"width\":421,\"height\":351,\"caption\":\"Waooh\"},\"image\":{\"@id\":\"http:\\\/\\\/www.waooh.be\\\/fr\\\/#\\\/schema\\\/logo\\\/image\\\/\"}}]}<\/script>\n<!-- \/ Yoast SEO plugin. -->","yoast_head_json":{"title":"Politique de propri\u00e9t\u00e9 intellectuelle - Waooh","robots":{"index":"index","follow":"follow","max-snippet":"max-snippet:-1","max-image-preview":"max-image-preview:large","max-video-preview":"max-video-preview:-1"},"canonical":"https:\/\/www.waooh.be\/fr\/politique-de-propriete-intellectuelle\/","og_locale":"fr_FR","og_type":"article","og_title":"Politique de propri\u00e9t\u00e9 intellectuelle - Waooh","og_description":"Politique de propri\u00e9t\u00e9 intellectuelle Les contenus pr\u00e9sents sur ce site tels que textes, images, vid\u00e9os, animations, sons, \u00e9l\u00e9ments graphiques, logo et design (liste non exhaustive), sont la propri\u00e9t\u00e9 exclusive de l\u2019agence Waooh! ou sont utilis\u00e9s avec l\u2019autorisation expresse de leurs auteurs ou ayants droit. &nbsp; \u0152uvres et projets des clients Les projets d\u2019animation, extraits vid\u00e9o, [&hellip;]","og_url":"https:\/\/www.waooh.be\/fr\/politique-de-propriete-intellectuelle\/","og_site_name":"Waooh","article_modified_time":"2025-08-26T10:34:12+00:00","twitter_card":"summary_large_image","twitter_misc":{"Dur\u00e9e de lecture estim\u00e9e":"1 minute"},"schema":{"@context":"https:\/\/schema.org","@graph":[{"@type":"WebPage","@id":"https:\/\/www.waooh.be\/fr\/politique-de-propriete-intellectuelle\/","url":"https:\/\/www.waooh.be\/fr\/politique-de-propriete-intellectuelle\/","name":"Politique de propri\u00e9t\u00e9 intellectuelle - Waooh","isPartOf":{"@id":"http:\/\/www.waooh.be\/fr\/#website"},"datePublished":"2025-05-26T12:45:03+00:00","dateModified":"2025-08-26T10:34:12+00:00","breadcrumb":{"@id":"https:\/\/www.waooh.be\/fr\/politique-de-propriete-intellectuelle\/#breadcrumb"},"inLanguage":"fr-FR","potentialAction":[{"@type":"ReadAction","target":["https:\/\/www.waooh.be\/fr\/politique-de-propriete-intellectuelle\/"]}]},{"@type":"BreadcrumbList","@id":"https:\/\/www.waooh.be\/fr\/politique-de-propriete-intellectuelle\/#breadcrumb","itemListElement":[{"@type":"ListItem","position":1,"name":"Home","item":"http:\/\/www.waooh.be\/fr\/"},{"@type":"ListItem","position":2,"name":"Politique de propri\u00e9t\u00e9 intellectuelle"}]},{"@type":"WebSite","@id":"http:\/\/www.waooh.be\/fr\/#website","url":"http:\/\/www.waooh.be\/fr\/","name":"Waooh","description":"Studio d&#039;animation belge, espace de formation pour jeunes cr\u00e9atifs dans le domaine de l&#039;animation.","publisher":{"@id":"http:\/\/www.waooh.be\/fr\/#organization"},"potentialAction":[{"@type":"SearchAction","target":{"@type":"EntryPoint","urlTemplate":"http:\/\/www.waooh.be\/fr\/?s={search_term_string}"},"query-input":{"@type":"PropertyValueSpecification","valueRequired":true,"valueName":"search_term_string"}}],"inLanguage":"fr-FR"},{"@type":"Organization","@id":"http:\/\/www.waooh.be\/fr\/#organization","name":"Waooh","url":"http:\/\/www.waooh.be\/fr\/","logo":{"@type":"ImageObject","inLanguage":"fr-FR","@id":"http:\/\/www.waooh.be\/fr\/#\/schema\/logo\/image\/","url":"https:\/\/www.waooh.be\/wp-content\/uploads\/2025\/05\/Waooh_logo.svg","contentUrl":"https:\/\/www.waooh.be\/wp-content\/uploads\/2025\/05\/Waooh_logo.svg","width":421,"height":351,"caption":"Waooh"},"image":{"@id":"http:\/\/www.waooh.be\/fr\/#\/schema\/logo\/image\/"}}]}},"_links":{"self":[{"href":"https:\/\/www.waooh.be\/fr\/wp-json\/wp\/v2\/pages\/2380","targetHints":{"allow":["GET"]}}],"collection":[{"href":"https:\/\/www.waooh.be\/fr\/wp-json\/wp\/v2\/pages"}],"about":[{"href":"https:\/\/www.waooh.be\/fr\/wp-json\/wp\/v2\/types\/page"}],"author":[{"embeddable":true,"href":"https:\/\/www.waooh.be\/fr\/wp-json\/wp\/v2\/users\/1"}],"replies":[{"embeddable":true,"href":"https:\/\/www.waooh.be\/fr\/wp-json\/wp\/v2\/comments?post=2380"}],"version-history":[{"count":7,"href":"https:\/\/www.waooh.be\/fr\/wp-json\/wp\/v2\/pages\/2380\/revisions"}],"predecessor-version":[{"id":2518,"href":"https:\/\/www.waooh.be\/fr\/wp-json\/wp\/v2\/pages\/2380\/revisions\/2518"}],"wp:attachment":[{"href":"https:\/\/www.waooh.be\/fr\/wp-json\/wp\/v2\/media?parent=2380"}],"curies":[{"name":"wp","href":"https:\/\/api.w.org\/{rel}","templated":true}]}}