{"id":2378,"date":"2025-05-26T12:44:40","date_gmt":"2025-05-26T12:44:40","guid":{"rendered":"https:\/\/www.waooh.be\/politique-de-cookies\/"},"modified":"2025-08-26T10:16:51","modified_gmt":"2025-08-26T10:16:51","slug":"politique-de-cookies","status":"publish","type":"page","link":"https:\/\/www.waooh.be\/fr\/politique-de-cookies\/","title":{"rendered":"Politique de Cookies"},"content":{"rendered":"\t\t<div data-elementor-type=\"wp-page\" data-elementor-id=\"2378\" class=\"elementor elementor-2378 elementor-593\" data-elementor-post-type=\"page\">\n\t\t\t\t<div class=\"elementor-element elementor-element-5278111 e-flex e-con-boxed e-con e-parent\" data-id=\"5278111\" data-element_type=\"container\" data-e-type=\"container\" data-settings=\"{&quot;background_background&quot;:&quot;classic&quot;}\">\n\t\t\t\t\t<div class=\"e-con-inner\">\n\t\t\t\t<div class=\"elementor-element elementor-element-63e27aa5 elementor-nav-menu__align-center elementor-nav-menu--dropdown-none elementor-widget elementor-widget-nav-menu\" data-id=\"63e27aa5\" data-element_type=\"widget\" data-e-type=\"widget\" data-settings=\"{&quot;layout&quot;:&quot;horizontal&quot;,&quot;submenu_icon&quot;:{&quot;value&quot;:&quot;&lt;svg aria-hidden=\\&quot;true\\&quot; class=\\&quot;e-font-icon-svg e-fas-caret-down\\&quot; viewBox=\\&quot;0 0 320 512\\&quot; xmlns=\\&quot;http:\\\/\\\/www.w3.org\\\/2000\\\/svg\\&quot;&gt;&lt;path d=\\&quot;M31.3 192h257.3c17.8 0 26.7 21.5 14.1 34.1L174.1 354.8c-7.8 7.8-20.5 7.8-28.3 0L17.2 226.1C4.6 213.5 13.5 192 31.3 192z\\&quot;&gt;&lt;\\\/path&gt;&lt;\\\/svg&gt;&quot;,&quot;library&quot;:&quot;fa-solid&quot;}}\" data-widget_type=\"nav-menu.default\">\n\t\t\t\t<div class=\"elementor-widget-container\">\n\t\t\t\t\t\t\t\t<nav aria-label=\"Menu\" class=\"elementor-nav-menu--main elementor-nav-menu__container elementor-nav-menu--layout-horizontal e--pointer-none\">\n\t\t\t\t<ul id=\"menu-1-63e27aa5\" class=\"elementor-nav-menu\"><li class=\"menu-item menu-item-type-post_type menu-item-object-page menu-item-599\"><a href=\"https:\/\/www.waooh.be\/legal-policy\/\" class=\"elementor-item\">Informations L\u00e9gales<\/a><\/li>\n<li class=\"menu-item menu-item-type-post_type menu-item-object-page menu-item-602\"><a rel=\"privacy-policy\" href=\"https:\/\/www.waooh.be\/privacy-notice\/\" class=\"elementor-item\">Politique de Confidentialit\u00e9<\/a><\/li>\n<li class=\"menu-item menu-item-type-post_type menu-item-object-page menu-item-601\"><a href=\"https:\/\/www.waooh.be\/cookies-notice\/\" class=\"elementor-item\">Politique de Cookies<\/a><\/li>\n<li class=\"menu-item menu-item-type-post_type menu-item-object-page menu-item-600\"><a href=\"https:\/\/www.waooh.be\/intellectual-property-notice\/\" class=\"elementor-item\">Politique de propri\u00e9t\u00e9 intellectuelle<\/a><\/li>\n<li class=\"menu-item menu-item-type-post_type menu-item-object-page menu-item-603\"><a href=\"https:\/\/www.waooh.be\/conditions-of-use\/\" class=\"elementor-item\">Conditions d\u2019utilisation<\/a><\/li>\n<\/ul>\t\t\t<\/nav>\n\t\t\t\t\t\t<nav class=\"elementor-nav-menu--dropdown elementor-nav-menu__container\" aria-hidden=\"true\">\n\t\t\t\t<ul id=\"menu-2-63e27aa5\" class=\"elementor-nav-menu\"><li class=\"menu-item menu-item-type-post_type menu-item-object-page menu-item-599\"><a href=\"https:\/\/www.waooh.be\/legal-policy\/\" class=\"elementor-item\" tabindex=\"-1\">Informations L\u00e9gales<\/a><\/li>\n<li class=\"menu-item menu-item-type-post_type menu-item-object-page menu-item-602\"><a rel=\"privacy-policy\" href=\"https:\/\/www.waooh.be\/privacy-notice\/\" class=\"elementor-item\" tabindex=\"-1\">Politique de Confidentialit\u00e9<\/a><\/li>\n<li class=\"menu-item menu-item-type-post_type menu-item-object-page menu-item-601\"><a href=\"https:\/\/www.waooh.be\/cookies-notice\/\" class=\"elementor-item\" tabindex=\"-1\">Politique de Cookies<\/a><\/li>\n<li class=\"menu-item menu-item-type-post_type menu-item-object-page menu-item-600\"><a href=\"https:\/\/www.waooh.be\/intellectual-property-notice\/\" class=\"elementor-item\" tabindex=\"-1\">Politique de propri\u00e9t\u00e9 intellectuelle<\/a><\/li>\n<li class=\"menu-item menu-item-type-post_type menu-item-object-page menu-item-603\"><a href=\"https:\/\/www.waooh.be\/conditions-of-use\/\" class=\"elementor-item\" tabindex=\"-1\">Conditions d\u2019utilisation<\/a><\/li>\n<\/ul>\t\t\t<\/nav>\n\t\t\t\t\t\t<\/div>\n\t\t\t\t<\/div>\n\t\t\t\t\t<\/div>\n\t\t\t\t<\/div>\n\t\t<div class=\"elementor-element elementor-element-f342d0f e-flex e-con-boxed e-con e-parent\" data-id=\"f342d0f\" data-element_type=\"container\" data-e-type=\"container\">\n\t\t\t\t\t<div class=\"e-con-inner\">\n\t\t\t\t<div class=\"elementor-element elementor-element-7f1b1d50 elementor-widget elementor-widget-heading\" data-id=\"7f1b1d50\" data-element_type=\"widget\" data-e-type=\"widget\" data-widget_type=\"heading.default\">\n\t\t\t\t<div class=\"elementor-widget-container\">\n\t\t\t\t\t<h1 class=\"elementor-heading-title elementor-size-default\">Politique de Cookies<\/h1>\t\t\t\t<\/div>\n\t\t\t\t<\/div>\n\t\t\t\t<div class=\"elementor-element elementor-element-7cc1d765 elementor-widget elementor-widget-text-editor\" data-id=\"7cc1d765\" data-element_type=\"widget\" data-e-type=\"widget\" data-widget_type=\"text-editor.default\">\n\t\t\t\t<div class=\"elementor-widget-container\">\n\t\t\t\t\t\t\t\t\t<p><strong>Derni\u00e8re mise \u00e0 jour : le 6 juin 2025<\/strong><\/p>\n<p>&nbsp;<\/p>\n<p><strong>\u00a0 \u00a0 \u00a0 \u00a01. Qu\u2019est-ce qu\u2019un cookie ?<\/strong><\/p>\n<p>Un cookie est un petit fichier texte enregistr\u00e9 sur votre appareil (ordinateur, tablette ou smartphone) lors de votre visite sur un site web. Il permet notamment de reconna\u00eetre votre navigateur, de m\u00e9moriser vos pr\u00e9f\u00e9rences ou de collecter des donn\u00e9es statistiques.<\/p>\n<p>&nbsp;<\/p>\n<p><strong>\u00a0 \u00a0 \u00a0 \u00a02. Pourquoi utilisons-nous des cookies ?<\/strong><\/p>\n<p>Le site de l\u2019agence <strong>Waooh!<\/strong> utilise des cookies pour les finalit\u00e9s suivantes :<\/p>\n<ul>\n<li><strong>Cookies fonctionnels<\/strong> : n\u00e9cessaires au bon fonctionnement du site (navigation, s\u00e9curit\u00e9, pr\u00e9f\u00e9rences de langue, pr\u00e9f\u00e9rences de l\u2019utilisateur, formulaire de contact, etc.).<\/li>\n<li><strong>Cookies analytiques<\/strong> : pour mesurer l\u2019audience, comprendre le comportement des visiteurs et am\u00e9liorer l\u2019exp\u00e9rience utilisateur (via Google Analytics, configur\u00e9 pour l\u2019anonymisation des IP).<\/li>\n<li><strong>Cookies tiers<\/strong> : dans certains cas, nous utilisons des services externes int\u00e9gr\u00e9s (lecteur vid\u00e9o, carte interactive) qui peuvent d\u00e9poser leurs propres cookies.<\/li>\n<\/ul>\n<p>Nous ne pla\u00e7ons aucun cookie publicitaire, ni de suivi comportemental \u00e0 des fins commerciales.<\/p>\n<p>&nbsp;<\/p>\n<p><strong>\u00a0 \u00a0 \u00a0 \u00a03. Quels cookies utilisons-nous ?<\/strong><\/p>\n<ul>\n<li><strong>Cookies op\u00e9rationnels<\/strong> (p. ex. <em>wp-wpml_current_language<\/em>, <em>elementor<\/em>) \u2014 assurent le bon fonctionnement du site, la m\u00e9morisation des pr\u00e9f\u00e9rences linguistiques et l\u2019affichage de l\u2019interface.<\/li>\n<li><strong>Cookies analytiques<\/strong> (p. ex. <em>_ga<\/em>, <em>_gid<\/em>) \u2014 servent \u00e0 collecter des informations anonymis\u00e9es sur les interactions des utilisateurs, afin d\u2019am\u00e9liorer les performances et l\u2019ergonomie.<\/li>\n<li><strong>Cookies tiers<\/strong> (p. ex. vid\u00e9os int\u00e9gr\u00e9es YouTube ou Vimeo) \u2014 utilis\u00e9s par des services tiers pour suivre l\u2019usage ou diffuser du contenu.<\/li>\n<\/ul>\n<p>&nbsp;<\/p>\n<p><strong>\u00a0 \u00a0 \u00a0 \u00a04. Consentement et gestion des cookies<\/strong><\/p>\n<p>D\u00e8s votre premi\u00e8re visite, un bandeau de consentement s\u2019affiche pour vous permettre de :<\/p>\n<ul>\n<li style=\"list-style-type: none;\">\n<ul>\n<li>Accepter tous les cookies.<\/li>\n<li>Refuser tous les cookies (hors cookies strictement n\u00e9cessaires).<\/li>\n<li>Personnaliser vos choix.<\/li>\n<\/ul>\n<p><\/li>\n<p><\/ul>\n<p>Vous pouvez modifier votre consentement \u00e0 tout moment en cliquant sur \u00ab\u00a0G\u00e9rer les cookies\u00a0\u00bb (lien en bas de page).<\/p>\n<p>&nbsp;<\/p>\n<p><strong>\u00a0 \u00a0 \u00a0 \u00a05. Comment d\u00e9sactiver les cookies ?<\/strong><\/p>\n<p>Vous pouvez \u00e9galement configurer votre navigateur pour refuser ou supprimer les cookies :<\/p>\n<ul>\n<li style=\"list-style-type: none;\">\n<ul>\n<li>Param\u00e8tres de cookies sur Chrome.<\/li>\n<li>Param\u00e8tres de cookies sur Firefox.<\/li>\n<li>Param\u00e8tres de cookies sur Safari.<\/li>\n<li>Param\u00e8tres de cookies sur Edge.<\/li>\n<\/ul>\n<p><\/li>\n<p><\/ul>\n<p>Note : Le refus de certains cookies peut affecter l\u2019exp\u00e9rience utilisateur.<\/p>\n<p>&nbsp;<\/p>\n<p><strong>\u00a0 \u00a0 \u00a0 \u00a06. Mise \u00e0 jour de cette politique<\/strong><\/p>\n<p>Nous nous r\u00e9servons le droit d\u2019actualiser cette politique de cookies \u00e0 tout moment, notamment pour l\u2019adapter \u00e0 l\u2019\u00e9volution de la l\u00e9gislation et\/ou de nos outils.<\/p>\n<p>&nbsp;<\/p>\n<p>Derni\u00e8re modification : <strong>8 mai 2025.<\/strong><\/p>\n\t\t\t\t\t\t\t\t<\/div>\n\t\t\t\t<\/div>\n\t\t\t\t\t<\/div>\n\t\t\t\t<\/div>\n\t\t\t\t<\/div>\n\t\t","protected":false},"excerpt":{"rendered":"<p>Politique de Cookies Derni\u00e8re mise \u00e0 jour : le 6 juin 2025 &nbsp; \u00a0 \u00a0 \u00a0 \u00a01. Qu\u2019est-ce qu\u2019un cookie ? Un cookie est un petit fichier texte enregistr\u00e9 sur votre appareil (ordinateur, tablette ou smartphone) lors de votre visite sur un site web. Il permet notamment de reconna\u00eetre votre navigateur, de m\u00e9moriser vos pr\u00e9f\u00e9rences [&hellip;]<\/p>\n","protected":false},"author":1,"featured_media":0,"parent":0,"menu_order":0,"comment_status":"closed","ping_status":"closed","template":"","meta":{"_acf_changed":false,"inline_featured_image":false,"footnotes":""},"class_list":["post-2378","page","type-page","status-publish","hentry"],"acf":[],"yoast_head":"<!-- This site is optimized with the Yoast SEO plugin v27.4 - https:\/\/yoast.com\/product\/yoast-seo-wordpress\/ -->\n<title>Politique de Cookies - Waooh<\/title>\n<meta name=\"robots\" content=\"index, follow, max-snippet:-1, max-image-preview:large, max-video-preview:-1\" \/>\n<link rel=\"canonical\" href=\"https:\/\/www.waooh.be\/fr\/politique-de-cookies\/\" \/>\n<meta property=\"og:locale\" content=\"fr_FR\" \/>\n<meta property=\"og:type\" content=\"article\" \/>\n<meta property=\"og:title\" content=\"Politique de Cookies - Waooh\" \/>\n<meta property=\"og:description\" content=\"Politique de Cookies Derni\u00e8re mise \u00e0 jour : le 6 juin 2025 &nbsp; \u00a0 \u00a0 \u00a0 \u00a01. Qu\u2019est-ce qu\u2019un cookie ? Un cookie est un petit fichier texte enregistr\u00e9 sur votre appareil (ordinateur, tablette ou smartphone) lors de votre visite sur un site web. Il permet notamment de reconna\u00eetre votre navigateur, de m\u00e9moriser vos pr\u00e9f\u00e9rences [&hellip;]\" \/>\n<meta property=\"og:url\" content=\"https:\/\/www.waooh.be\/fr\/politique-de-cookies\/\" \/>\n<meta property=\"og:site_name\" content=\"Waooh\" \/>\n<meta property=\"article:modified_time\" content=\"2025-08-26T10:16:51+00:00\" \/>\n<meta name=\"twitter:card\" content=\"summary_large_image\" \/>\n<meta name=\"twitter:label1\" content=\"Dur\u00e9e de lecture estim\u00e9e\" \/>\n\t<meta name=\"twitter:data1\" content=\"2 minutes\" \/>\n<script type=\"application\/ld+json\" class=\"yoast-schema-graph\">{\"@context\":\"https:\\\/\\\/schema.org\",\"@graph\":[{\"@type\":\"WebPage\",\"@id\":\"https:\\\/\\\/www.waooh.be\\\/fr\\\/politique-de-cookies\\\/\",\"url\":\"https:\\\/\\\/www.waooh.be\\\/fr\\\/politique-de-cookies\\\/\",\"name\":\"Politique de Cookies - Waooh\",\"isPartOf\":{\"@id\":\"http:\\\/\\\/www.waooh.be\\\/fr\\\/#website\"},\"datePublished\":\"2025-05-26T12:44:40+00:00\",\"dateModified\":\"2025-08-26T10:16:51+00:00\",\"breadcrumb\":{\"@id\":\"https:\\\/\\\/www.waooh.be\\\/fr\\\/politique-de-cookies\\\/#breadcrumb\"},\"inLanguage\":\"fr-FR\",\"potentialAction\":[{\"@type\":\"ReadAction\",\"target\":[\"https:\\\/\\\/www.waooh.be\\\/fr\\\/politique-de-cookies\\\/\"]}]},{\"@type\":\"BreadcrumbList\",\"@id\":\"https:\\\/\\\/www.waooh.be\\\/fr\\\/politique-de-cookies\\\/#breadcrumb\",\"itemListElement\":[{\"@type\":\"ListItem\",\"position\":1,\"name\":\"Home\",\"item\":\"http:\\\/\\\/www.waooh.be\\\/fr\\\/\"},{\"@type\":\"ListItem\",\"position\":2,\"name\":\"Politique de Cookies\"}]},{\"@type\":\"WebSite\",\"@id\":\"http:\\\/\\\/www.waooh.be\\\/fr\\\/#website\",\"url\":\"http:\\\/\\\/www.waooh.be\\\/fr\\\/\",\"name\":\"Waooh\",\"description\":\"Studio d&#039;animation belge, espace de formation pour jeunes cr\u00e9atifs dans le domaine de l&#039;animation.\",\"publisher\":{\"@id\":\"http:\\\/\\\/www.waooh.be\\\/fr\\\/#organization\"},\"potentialAction\":[{\"@type\":\"SearchAction\",\"target\":{\"@type\":\"EntryPoint\",\"urlTemplate\":\"http:\\\/\\\/www.waooh.be\\\/fr\\\/?s={search_term_string}\"},\"query-input\":{\"@type\":\"PropertyValueSpecification\",\"valueRequired\":true,\"valueName\":\"search_term_string\"}}],\"inLanguage\":\"fr-FR\"},{\"@type\":\"Organization\",\"@id\":\"http:\\\/\\\/www.waooh.be\\\/fr\\\/#organization\",\"name\":\"Waooh\",\"url\":\"http:\\\/\\\/www.waooh.be\\\/fr\\\/\",\"logo\":{\"@type\":\"ImageObject\",\"inLanguage\":\"fr-FR\",\"@id\":\"http:\\\/\\\/www.waooh.be\\\/fr\\\/#\\\/schema\\\/logo\\\/image\\\/\",\"url\":\"https:\\\/\\\/www.waooh.be\\\/wp-content\\\/uploads\\\/2025\\\/05\\\/Waooh_logo.svg\",\"contentUrl\":\"https:\\\/\\\/www.waooh.be\\\/wp-content\\\/uploads\\\/2025\\\/05\\\/Waooh_logo.svg\",\"width\":421,\"height\":351,\"caption\":\"Waooh\"},\"image\":{\"@id\":\"http:\\\/\\\/www.waooh.be\\\/fr\\\/#\\\/schema\\\/logo\\\/image\\\/\"}}]}<\/script>\n<!-- \/ Yoast SEO plugin. -->","yoast_head_json":{"title":"Politique de Cookies - Waooh","robots":{"index":"index","follow":"follow","max-snippet":"max-snippet:-1","max-image-preview":"max-image-preview:large","max-video-preview":"max-video-preview:-1"},"canonical":"https:\/\/www.waooh.be\/fr\/politique-de-cookies\/","og_locale":"fr_FR","og_type":"article","og_title":"Politique de Cookies - Waooh","og_description":"Politique de Cookies Derni\u00e8re mise \u00e0 jour : le 6 juin 2025 &nbsp; \u00a0 \u00a0 \u00a0 \u00a01. Qu\u2019est-ce qu\u2019un cookie ? Un cookie est un petit fichier texte enregistr\u00e9 sur votre appareil (ordinateur, tablette ou smartphone) lors de votre visite sur un site web. Il permet notamment de reconna\u00eetre votre navigateur, de m\u00e9moriser vos pr\u00e9f\u00e9rences [&hellip;]","og_url":"https:\/\/www.waooh.be\/fr\/politique-de-cookies\/","og_site_name":"Waooh","article_modified_time":"2025-08-26T10:16:51+00:00","twitter_card":"summary_large_image","twitter_misc":{"Dur\u00e9e de lecture estim\u00e9e":"2 minutes"},"schema":{"@context":"https:\/\/schema.org","@graph":[{"@type":"WebPage","@id":"https:\/\/www.waooh.be\/fr\/politique-de-cookies\/","url":"https:\/\/www.waooh.be\/fr\/politique-de-cookies\/","name":"Politique de Cookies - Waooh","isPartOf":{"@id":"http:\/\/www.waooh.be\/fr\/#website"},"datePublished":"2025-05-26T12:44:40+00:00","dateModified":"2025-08-26T10:16:51+00:00","breadcrumb":{"@id":"https:\/\/www.waooh.be\/fr\/politique-de-cookies\/#breadcrumb"},"inLanguage":"fr-FR","potentialAction":[{"@type":"ReadAction","target":["https:\/\/www.waooh.be\/fr\/politique-de-cookies\/"]}]},{"@type":"BreadcrumbList","@id":"https:\/\/www.waooh.be\/fr\/politique-de-cookies\/#breadcrumb","itemListElement":[{"@type":"ListItem","position":1,"name":"Home","item":"http:\/\/www.waooh.be\/fr\/"},{"@type":"ListItem","position":2,"name":"Politique de Cookies"}]},{"@type":"WebSite","@id":"http:\/\/www.waooh.be\/fr\/#website","url":"http:\/\/www.waooh.be\/fr\/","name":"Waooh","description":"Studio d&#039;animation belge, espace de formation pour jeunes cr\u00e9atifs dans le domaine de l&#039;animation.","publisher":{"@id":"http:\/\/www.waooh.be\/fr\/#organization"},"potentialAction":[{"@type":"SearchAction","target":{"@type":"EntryPoint","urlTemplate":"http:\/\/www.waooh.be\/fr\/?s={search_term_string}"},"query-input":{"@type":"PropertyValueSpecification","valueRequired":true,"valueName":"search_term_string"}}],"inLanguage":"fr-FR"},{"@type":"Organization","@id":"http:\/\/www.waooh.be\/fr\/#organization","name":"Waooh","url":"http:\/\/www.waooh.be\/fr\/","logo":{"@type":"ImageObject","inLanguage":"fr-FR","@id":"http:\/\/www.waooh.be\/fr\/#\/schema\/logo\/image\/","url":"https:\/\/www.waooh.be\/wp-content\/uploads\/2025\/05\/Waooh_logo.svg","contentUrl":"https:\/\/www.waooh.be\/wp-content\/uploads\/2025\/05\/Waooh_logo.svg","width":421,"height":351,"caption":"Waooh"},"image":{"@id":"http:\/\/www.waooh.be\/fr\/#\/schema\/logo\/image\/"}}]}},"_links":{"self":[{"href":"https:\/\/www.waooh.be\/fr\/wp-json\/wp\/v2\/pages\/2378","targetHints":{"allow":["GET"]}}],"collection":[{"href":"https:\/\/www.waooh.be\/fr\/wp-json\/wp\/v2\/pages"}],"about":[{"href":"https:\/\/www.waooh.be\/fr\/wp-json\/wp\/v2\/types\/page"}],"author":[{"embeddable":true,"href":"https:\/\/www.waooh.be\/fr\/wp-json\/wp\/v2\/users\/1"}],"replies":[{"embeddable":true,"href":"https:\/\/www.waooh.be\/fr\/wp-json\/wp\/v2\/comments?post=2378"}],"version-history":[{"count":17,"href":"https:\/\/www.waooh.be\/fr\/wp-json\/wp\/v2\/pages\/2378\/revisions"}],"predecessor-version":[{"id":2498,"href":"https:\/\/www.waooh.be\/fr\/wp-json\/wp\/v2\/pages\/2378\/revisions\/2498"}],"wp:attachment":[{"href":"https:\/\/www.waooh.be\/fr\/wp-json\/wp\/v2\/media?parent=2378"}],"curies":[{"name":"wp","href":"https:\/\/api.w.org\/{rel}","templated":true}]}}