{"id":2374,"date":"2025-05-26T12:34:22","date_gmt":"2025-05-26T12:34:22","guid":{"rendered":"https:\/\/www.waooh.be\/conditions-dutilisation\/"},"modified":"2025-09-01T10:10:17","modified_gmt":"2025-09-01T10:10:17","slug":"conditions-dutilisation","status":"publish","type":"page","link":"https:\/\/www.waooh.be\/fr\/conditions-dutilisation\/","title":{"rendered":"Conditions d\u2019utilisation"},"content":{"rendered":"\t\t<div data-elementor-type=\"wp-page\" data-elementor-id=\"2374\" class=\"elementor elementor-2374 elementor-565\" data-elementor-post-type=\"page\">\n\t\t\t\t<div class=\"elementor-element elementor-element-5461ed1d e-flex e-con-boxed e-con e-parent\" data-id=\"5461ed1d\" data-element_type=\"container\" data-e-type=\"container\" data-settings=\"{&quot;background_background&quot;:&quot;classic&quot;}\">\n\t\t\t\t\t<div class=\"e-con-inner\">\n\t\t\t\t<div class=\"elementor-element elementor-element-5af348cd elementor-nav-menu__align-center elementor-nav-menu--dropdown-none elementor-widget elementor-widget-nav-menu\" data-id=\"5af348cd\" data-element_type=\"widget\" data-e-type=\"widget\" data-settings=\"{&quot;layout&quot;:&quot;horizontal&quot;,&quot;submenu_icon&quot;:{&quot;value&quot;:&quot;&lt;svg aria-hidden=\\&quot;true\\&quot; class=\\&quot;e-font-icon-svg e-fas-caret-down\\&quot; viewBox=\\&quot;0 0 320 512\\&quot; xmlns=\\&quot;http:\\\/\\\/www.w3.org\\\/2000\\\/svg\\&quot;&gt;&lt;path d=\\&quot;M31.3 192h257.3c17.8 0 26.7 21.5 14.1 34.1L174.1 354.8c-7.8 7.8-20.5 7.8-28.3 0L17.2 226.1C4.6 213.5 13.5 192 31.3 192z\\&quot;&gt;&lt;\\\/path&gt;&lt;\\\/svg&gt;&quot;,&quot;library&quot;:&quot;fa-solid&quot;}}\" data-widget_type=\"nav-menu.default\">\n\t\t\t\t<div class=\"elementor-widget-container\">\n\t\t\t\t\t\t\t\t<nav aria-label=\"Menu\" class=\"elementor-nav-menu--main elementor-nav-menu__container elementor-nav-menu--layout-horizontal e--pointer-none\">\n\t\t\t\t<ul id=\"menu-1-5af348cd\" class=\"elementor-nav-menu\"><li class=\"menu-item menu-item-type-post_type menu-item-object-page menu-item-599\"><a href=\"https:\/\/www.waooh.be\/legal-policy\/\" class=\"elementor-item\">Informations L\u00e9gales<\/a><\/li>\n<li class=\"menu-item menu-item-type-post_type menu-item-object-page menu-item-602\"><a rel=\"privacy-policy\" href=\"https:\/\/www.waooh.be\/privacy-notice\/\" class=\"elementor-item\">Politique de Confidentialit\u00e9<\/a><\/li>\n<li class=\"menu-item menu-item-type-post_type menu-item-object-page menu-item-601\"><a href=\"https:\/\/www.waooh.be\/cookies-notice\/\" class=\"elementor-item\">Politique de Cookies<\/a><\/li>\n<li class=\"menu-item menu-item-type-post_type menu-item-object-page menu-item-600\"><a href=\"https:\/\/www.waooh.be\/intellectual-property-notice\/\" class=\"elementor-item\">Politique de propri\u00e9t\u00e9 intellectuelle<\/a><\/li>\n<li class=\"menu-item menu-item-type-post_type menu-item-object-page menu-item-603\"><a href=\"https:\/\/www.waooh.be\/conditions-of-use\/\" class=\"elementor-item\">Conditions d\u2019utilisation<\/a><\/li>\n<\/ul>\t\t\t<\/nav>\n\t\t\t\t\t\t<nav class=\"elementor-nav-menu--dropdown elementor-nav-menu__container\" aria-hidden=\"true\">\n\t\t\t\t<ul id=\"menu-2-5af348cd\" class=\"elementor-nav-menu\"><li class=\"menu-item menu-item-type-post_type menu-item-object-page menu-item-599\"><a href=\"https:\/\/www.waooh.be\/legal-policy\/\" class=\"elementor-item\" tabindex=\"-1\">Informations L\u00e9gales<\/a><\/li>\n<li class=\"menu-item menu-item-type-post_type menu-item-object-page menu-item-602\"><a rel=\"privacy-policy\" href=\"https:\/\/www.waooh.be\/privacy-notice\/\" class=\"elementor-item\" tabindex=\"-1\">Politique de Confidentialit\u00e9<\/a><\/li>\n<li class=\"menu-item menu-item-type-post_type menu-item-object-page menu-item-601\"><a href=\"https:\/\/www.waooh.be\/cookies-notice\/\" class=\"elementor-item\" tabindex=\"-1\">Politique de Cookies<\/a><\/li>\n<li class=\"menu-item menu-item-type-post_type menu-item-object-page menu-item-600\"><a href=\"https:\/\/www.waooh.be\/intellectual-property-notice\/\" class=\"elementor-item\" tabindex=\"-1\">Politique de propri\u00e9t\u00e9 intellectuelle<\/a><\/li>\n<li class=\"menu-item menu-item-type-post_type menu-item-object-page menu-item-603\"><a href=\"https:\/\/www.waooh.be\/conditions-of-use\/\" class=\"elementor-item\" tabindex=\"-1\">Conditions d\u2019utilisation<\/a><\/li>\n<\/ul>\t\t\t<\/nav>\n\t\t\t\t\t\t<\/div>\n\t\t\t\t<\/div>\n\t\t\t\t\t<\/div>\n\t\t\t\t<\/div>\n\t\t<div class=\"elementor-element elementor-element-90336de e-flex e-con-boxed e-con e-parent\" data-id=\"90336de\" data-element_type=\"container\" data-e-type=\"container\">\n\t\t\t\t\t<div class=\"e-con-inner\">\n\t\t\t\t<div class=\"elementor-element elementor-element-4a0dc6e elementor-widget elementor-widget-heading\" data-id=\"4a0dc6e\" data-element_type=\"widget\" data-e-type=\"widget\" data-widget_type=\"heading.default\">\n\t\t\t\t<div class=\"elementor-widget-container\">\n\t\t\t\t\t<h1 class=\"elementor-heading-title elementor-size-default\">Conditions d\u2019utilisation<\/h1>\t\t\t\t<\/div>\n\t\t\t\t<\/div>\n\t\t\t\t<div class=\"elementor-element elementor-element-894f63e elementor-widget elementor-widget-text-editor\" data-id=\"894f63e\" data-element_type=\"widget\" data-e-type=\"widget\" data-widget_type=\"text-editor.default\">\n\t\t\t\t<div class=\"elementor-widget-container\">\n\t\t\t\t\t\t\t\t\t<p>Derni\u00e8re mise \u00e0 jour : le 6 juin 2025<\/p>\n<p>&nbsp;<\/p>\n<p>L&rsquo;objectif de ce document est de d\u00e9finir les r\u00e8gles d&rsquo;utilisation et de garantir la protection des utilisateurs du site www.waooh.be. Dans ce contexte, le terme \u00ab\u00a0Waooh!\u00a0\u00bb fait r\u00e9f\u00e9rence \u00e0 l&rsquo;agence \u00e0 laquelle appartient le site Web www.waooh.be, tandis que les termes \u00ab vous \u00bb et \u00ab utilisateur \u00bb font r\u00e9f\u00e9rence aux personnes physiques ou morales qui, pour diverses raisons, visitent ce site Web.<\/p>\n<p>En vous servant de ce site et\/ou de ses prestations, vous adh\u00e9rez \u00e0 l&rsquo;int\u00e9gralit\u00e9 des termes d\u00e9crits dans la version la plus r\u00e9cente de ces conditions d&rsquo;utilisation. Ainsi, il est crucial pour l&rsquo;utilisateur de prendre connaissance de ces r\u00e8gles \u00e0 chaque visite.<\/p>\n<p><strong>\u00a0<\/strong><\/p>\n<p><strong>De l\u2019usage du site<\/strong><\/p>\n<p>Vous vous engagez \u00e0 utiliser la page www.waooh.be et les services qui y sont propos\u00e9s en accord avec la loi, l&rsquo;\u00e9thique et l&rsquo;ordre public, ainsi qu&rsquo;avec les r\u00e8gles d&rsquo;utilisation \u00e9tablies dans le pr\u00e9sent document. Il est donc imp\u00e9ratif de ne pas utiliser le site, son contenu ou ses services \u00e0 des fins ill\u00e9gales et\/ou en violation des pr\u00e9sentes Conditions d&rsquo;utilisation.<\/p>\n<p>Waooh! peut, dans le but d&rsquo;optimiser le site www.waooh.be pour ses utilisateurs, apporter des modifications unilat\u00e9rales \u00e0 tout moment et sans pr\u00e9avis concernant les services propos\u00e9s, ou toute autre composante significative de ce site, y compris son fonctionnement, sa technique ou ses conditions d&rsquo;utilisation.<\/p>\n<p>&nbsp;<\/p>\n<p>&nbsp;<\/p>\n<p><strong>Sauvegarde des donn\u00e9es personnelles des utilisateurs<\/strong><\/p>\n<p>Quand un visiteur du site www.waooh.be soumet ses informations pour contacter l&rsquo;agence ou soumet son curriculum vitae dans le cadre d\u2019une candidature spontan\u00e9e ou pour postuler \u00e0 l&rsquo;un des postes propos\u00e9s sur le m\u00eame site, il partage de mani\u00e8re volontaire ses informations personnelles (que nous appellerons \u201cDonn\u00e9es Personnelles\u201d). La gestion de ce dossier est assur\u00e9e par le personnel administratif de Waooh! \u00c0 tout moment, les individus concern\u00e9s peuvent consulter le fichier et sont en droit de demander des modifications, la suppression conform\u00e9ment aux conditions \u00e9dict\u00e9es par la loi sur la protection des donn\u00e9es. \u00c0 cet \u00e9gard, il sera n\u00e9cessaire de prendre contact en envoyant un courriel \u00e0 l&rsquo;adresse info@waooh.be. De surcro\u00eet, Waooh! s&rsquo;engage \u00e0 pr\u00e9server la confidentialit\u00e9 des Donn\u00e9es Personnelles. Waooh! est en mesure de collecter des informations concernant ses utilisateurs par le biais de dispositifs tels que les cookies ou les fichiers journaux de navigation de son site internet www.waooh.be. Ces m\u00e9canismes sont exclusivement li\u00e9s \u00e0 un utilisateur unique ainsi qu&rsquo;\u00e0 son ordinateur personnel. Dans de telles circonstances, Waooh! n&rsquo;exploite ces informations que dans leur int\u00e9gralit\u00e9 et dans le but ultime d&rsquo;optimiser ses services.<\/p>\n<p>&nbsp;<\/p>\n<p><strong>Causes d\u2019exclusion<\/strong><\/p>\n<p>Waooh! se r\u00e9serve le droit d&rsquo;exclure temporairement ou d\u00e9finitivement un utilisateur en cas de non-respect de quelconque des Conditions G\u00e9n\u00e9rales d&rsquo;Utilisation \u00e9nonc\u00e9es dans le pr\u00e9sent document ou bien d\u2019infraction \u00e0 la l\u00e9gislation, \u00e0 la morale ou \u00e0 l&rsquo;ordre public.<\/p>\n<p>L&rsquo;ensemble des informations pr\u00e9sentes sur le site www.waooh.be, ainsi que sa conception graphique et les codes de programmation, sont soumis \u00e0 la protection du droit d&rsquo;auteur et \u00e0 d&rsquo;autres droits relatifs \u00e0 la propri\u00e9t\u00e9 intellectuelle. Il est formellement prohib\u00e9, sans avoir pr\u00e9alablement respect\u00e9 les dispositions \u00e9nonc\u00e9es dans les R\u00e8gles d\u2019utilisation, de diffuser, modifier, fournir, communiquer publiquement ou reproduire, en tout ou en partie, les informations publi\u00e9es sur le site www.waooh.be, sans l&rsquo;autorisation pr\u00e9alable de Waooh!. La demande d&rsquo;autorisation de reproduction peut \u00eatre adress\u00e9e par courriel \u00e0 l&rsquo;adresse suivante : info@waooh.be.<\/p>\n<p>&nbsp;<\/p>\n<p><strong>Lien Hypertexte<\/strong><\/p>\n<p>Dans le cas o\u00f9 www.waooh.be renvoie, via des liens, \u00e0 des publicit\u00e9s ou \u00e0 des pages Web de tiers, Waooh! n\u2019est pas responsable du contr\u00f4le et n\u2019a pas pr\u00e9alablement contr\u00f4l\u00e9, approuv\u00e9 ou pris en charge les services, contenus, d\u00e9tails, fichiers, produits et tout type de mat\u00e9riel existant dans la ou les pages Web de tiers. Par cons\u00e9quent, Waooh n\u2019assume en aucun cas la responsabilit\u00e9 de la l\u00e9galit\u00e9 du contenu de la ou desdites pages. Le tiers, de mani\u00e8re explicative et non limitative, est seul responsable de la l\u00e9galit\u00e9, de la d\u00e9cence, du bon usage et de l\u2019ordre public des contenus, ainsi que de leur \u00e9ventuelle violation des droits de tiers. L\u2019existence d\u2019un lien hypertexte ne signifie pas qu\u2019il existe une relation entre Waooh! et le propri\u00e9taire de la page Web.<\/p>\n<p>&nbsp;<\/p>\n<p><strong>D\u00e9ni de garantie et de responsabilit\u00e9<\/strong><\/p>\n<p>Waooh! ne garantit pas la fiabilit\u00e9, la disponibilit\u00e9 ou la continuit\u00e9 du fonctionnement de sa page Web ni des produits ou services mis \u00e0 la disposition de l\u2019utilisateur et n\u2019est donc pas responsable des dommages de toute nature qui pourraient \u00eatre dus au manque de disponibilit\u00e9, fiabilit\u00e9 ou continuit\u00e9 de sa page Web ou de ses services. Cependant, il tentera de faciliter, dans la mesure du possible, l\u2019assistance technique \u00e0 la personne affect\u00e9e.<\/p>\n<p>Waooh! d\u00e9cline toute responsabilit\u00e9 quant au contr\u00f4le et n&rsquo;a pas pr\u00e9alablement v\u00e9rifi\u00e9 le contenu en ce qui concerne la pr\u00e9sence de virus ou d&rsquo;autres \u00e9l\u00e9ments nuisibles, susceptibles d&rsquo;entra\u00eener des modifications du logiciel ou du mat\u00e9riel des utilisateurs ainsi que des visiteurs des pages. Par cons\u00e9quent, il est express\u00e9ment exon\u00e9r\u00e9 de toute responsabilit\u00e9 pour les dommages de toute nature pouvant en r\u00e9sulter.<\/p>\n<p>&nbsp;<\/p>\n<p><strong>Loi applicable et juridiction comp\u00e9tente<\/strong><\/p>\n<p>Ces r\u00e8gles d&rsquo;utilisation sont r\u00e9gies par la l\u00e9gislation belge. Waooh! et ses utilisateurs, pour la r\u00e9solution de tout d\u00e9saccord qui pourrait survenir concernant la validit\u00e9 totale ou partielle de ce document, sont soumis aux cours et tribunaux de la ville de Li\u00e8ge. Ce contrat constitue l&rsquo;int\u00e9gralit\u00e9 de l&rsquo;accord entre Waooh! et les utilisateurs, et remplace tous les pactes, engagements, d\u00e9clarations ou accords ant\u00e9rieurs, qu&rsquo;ils soient \u00e9crits ou oraux, qui auraient pu exister entre les parties.<\/p>\n\t\t\t\t\t\t\t\t<\/div>\n\t\t\t\t<\/div>\n\t\t<div class=\"elementor-element elementor-element-3bcc929 e-con-full e-flex e-con e-child\" data-id=\"3bcc929\" data-element_type=\"container\" data-e-type=\"container\">\n\t\t<div class=\"elementor-element elementor-element-081046b e-con-full e-flex e-con e-child\" data-id=\"081046b\" data-element_type=\"container\" data-e-type=\"container\">\n\t\t\t\t<\/div>\n\t\t\t\t<\/div>\n\t\t\t\t\t<\/div>\n\t\t\t\t<\/div>\n\t\t\t\t<\/div>\n\t\t","protected":false},"excerpt":{"rendered":"<p>Conditions d\u2019utilisation Derni\u00e8re mise \u00e0 jour : le 6 juin 2025 &nbsp; L&rsquo;objectif de ce document est de d\u00e9finir les r\u00e8gles d&rsquo;utilisation et de garantir la protection des utilisateurs du site www.waooh.be. Dans ce contexte, le terme \u00ab\u00a0Waooh!\u00a0\u00bb fait r\u00e9f\u00e9rence \u00e0 l&rsquo;agence \u00e0 laquelle appartient le site Web www.waooh.be, tandis que les termes \u00ab vous [&hellip;]<\/p>\n","protected":false},"author":1,"featured_media":0,"parent":0,"menu_order":0,"comment_status":"closed","ping_status":"closed","template":"","meta":{"_acf_changed":false,"inline_featured_image":false,"footnotes":""},"class_list":["post-2374","page","type-page","status-publish","hentry"],"acf":[],"yoast_head":"<!-- This site is optimized with the Yoast SEO plugin v27.4 - https:\/\/yoast.com\/product\/yoast-seo-wordpress\/ -->\n<title>Conditions d\u2019utilisation - Waooh<\/title>\n<meta name=\"robots\" content=\"index, follow, max-snippet:-1, max-image-preview:large, max-video-preview:-1\" \/>\n<link rel=\"canonical\" href=\"https:\/\/www.waooh.be\/fr\/conditions-dutilisation\/\" \/>\n<meta property=\"og:locale\" content=\"fr_FR\" \/>\n<meta property=\"og:type\" content=\"article\" \/>\n<meta property=\"og:title\" content=\"Conditions d\u2019utilisation - Waooh\" \/>\n<meta property=\"og:description\" content=\"Conditions d\u2019utilisation Derni\u00e8re mise \u00e0 jour : le 6 juin 2025 &nbsp; L&rsquo;objectif de ce document est de d\u00e9finir les r\u00e8gles d&rsquo;utilisation et de garantir la protection des utilisateurs du site www.waooh.be. Dans ce contexte, le terme \u00ab\u00a0Waooh!\u00a0\u00bb fait r\u00e9f\u00e9rence \u00e0 l&rsquo;agence \u00e0 laquelle appartient le site Web www.waooh.be, tandis que les termes \u00ab vous [&hellip;]\" \/>\n<meta property=\"og:url\" content=\"https:\/\/www.waooh.be\/fr\/conditions-dutilisation\/\" \/>\n<meta property=\"og:site_name\" content=\"Waooh\" \/>\n<meta property=\"article:modified_time\" content=\"2025-09-01T10:10:17+00:00\" \/>\n<meta name=\"twitter:card\" content=\"summary_large_image\" \/>\n<meta name=\"twitter:label1\" content=\"Dur\u00e9e de lecture estim\u00e9e\" \/>\n\t<meta name=\"twitter:data1\" content=\"5 minutes\" \/>\n<script type=\"application\/ld+json\" class=\"yoast-schema-graph\">{\"@context\":\"https:\\\/\\\/schema.org\",\"@graph\":[{\"@type\":\"WebPage\",\"@id\":\"https:\\\/\\\/www.waooh.be\\\/fr\\\/conditions-dutilisation\\\/\",\"url\":\"https:\\\/\\\/www.waooh.be\\\/fr\\\/conditions-dutilisation\\\/\",\"name\":\"Conditions d\u2019utilisation - Waooh\",\"isPartOf\":{\"@id\":\"http:\\\/\\\/www.waooh.be\\\/fr\\\/#website\"},\"datePublished\":\"2025-05-26T12:34:22+00:00\",\"dateModified\":\"2025-09-01T10:10:17+00:00\",\"breadcrumb\":{\"@id\":\"https:\\\/\\\/www.waooh.be\\\/fr\\\/conditions-dutilisation\\\/#breadcrumb\"},\"inLanguage\":\"fr-FR\",\"potentialAction\":[{\"@type\":\"ReadAction\",\"target\":[\"https:\\\/\\\/www.waooh.be\\\/fr\\\/conditions-dutilisation\\\/\"]}]},{\"@type\":\"BreadcrumbList\",\"@id\":\"https:\\\/\\\/www.waooh.be\\\/fr\\\/conditions-dutilisation\\\/#breadcrumb\",\"itemListElement\":[{\"@type\":\"ListItem\",\"position\":1,\"name\":\"Home\",\"item\":\"http:\\\/\\\/www.waooh.be\\\/fr\\\/\"},{\"@type\":\"ListItem\",\"position\":2,\"name\":\"Conditions d\u2019utilisation\"}]},{\"@type\":\"WebSite\",\"@id\":\"http:\\\/\\\/www.waooh.be\\\/fr\\\/#website\",\"url\":\"http:\\\/\\\/www.waooh.be\\\/fr\\\/\",\"name\":\"Waooh\",\"description\":\"Studio d&#039;animation belge, espace de formation pour jeunes cr\u00e9atifs dans le domaine de l&#039;animation.\",\"publisher\":{\"@id\":\"http:\\\/\\\/www.waooh.be\\\/fr\\\/#organization\"},\"potentialAction\":[{\"@type\":\"SearchAction\",\"target\":{\"@type\":\"EntryPoint\",\"urlTemplate\":\"http:\\\/\\\/www.waooh.be\\\/fr\\\/?s={search_term_string}\"},\"query-input\":{\"@type\":\"PropertyValueSpecification\",\"valueRequired\":true,\"valueName\":\"search_term_string\"}}],\"inLanguage\":\"fr-FR\"},{\"@type\":\"Organization\",\"@id\":\"http:\\\/\\\/www.waooh.be\\\/fr\\\/#organization\",\"name\":\"Waooh\",\"url\":\"http:\\\/\\\/www.waooh.be\\\/fr\\\/\",\"logo\":{\"@type\":\"ImageObject\",\"inLanguage\":\"fr-FR\",\"@id\":\"http:\\\/\\\/www.waooh.be\\\/fr\\\/#\\\/schema\\\/logo\\\/image\\\/\",\"url\":\"https:\\\/\\\/www.waooh.be\\\/wp-content\\\/uploads\\\/2025\\\/05\\\/Waooh_logo.svg\",\"contentUrl\":\"https:\\\/\\\/www.waooh.be\\\/wp-content\\\/uploads\\\/2025\\\/05\\\/Waooh_logo.svg\",\"width\":421,\"height\":351,\"caption\":\"Waooh\"},\"image\":{\"@id\":\"http:\\\/\\\/www.waooh.be\\\/fr\\\/#\\\/schema\\\/logo\\\/image\\\/\"}}]}<\/script>\n<!-- \/ Yoast SEO plugin. -->","yoast_head_json":{"title":"Conditions d\u2019utilisation - Waooh","robots":{"index":"index","follow":"follow","max-snippet":"max-snippet:-1","max-image-preview":"max-image-preview:large","max-video-preview":"max-video-preview:-1"},"canonical":"https:\/\/www.waooh.be\/fr\/conditions-dutilisation\/","og_locale":"fr_FR","og_type":"article","og_title":"Conditions d\u2019utilisation - Waooh","og_description":"Conditions d\u2019utilisation Derni\u00e8re mise \u00e0 jour : le 6 juin 2025 &nbsp; L&rsquo;objectif de ce document est de d\u00e9finir les r\u00e8gles d&rsquo;utilisation et de garantir la protection des utilisateurs du site www.waooh.be. Dans ce contexte, le terme \u00ab\u00a0Waooh!\u00a0\u00bb fait r\u00e9f\u00e9rence \u00e0 l&rsquo;agence \u00e0 laquelle appartient le site Web www.waooh.be, tandis que les termes \u00ab vous [&hellip;]","og_url":"https:\/\/www.waooh.be\/fr\/conditions-dutilisation\/","og_site_name":"Waooh","article_modified_time":"2025-09-01T10:10:17+00:00","twitter_card":"summary_large_image","twitter_misc":{"Dur\u00e9e de lecture estim\u00e9e":"5 minutes"},"schema":{"@context":"https:\/\/schema.org","@graph":[{"@type":"WebPage","@id":"https:\/\/www.waooh.be\/fr\/conditions-dutilisation\/","url":"https:\/\/www.waooh.be\/fr\/conditions-dutilisation\/","name":"Conditions d\u2019utilisation - Waooh","isPartOf":{"@id":"http:\/\/www.waooh.be\/fr\/#website"},"datePublished":"2025-05-26T12:34:22+00:00","dateModified":"2025-09-01T10:10:17+00:00","breadcrumb":{"@id":"https:\/\/www.waooh.be\/fr\/conditions-dutilisation\/#breadcrumb"},"inLanguage":"fr-FR","potentialAction":[{"@type":"ReadAction","target":["https:\/\/www.waooh.be\/fr\/conditions-dutilisation\/"]}]},{"@type":"BreadcrumbList","@id":"https:\/\/www.waooh.be\/fr\/conditions-dutilisation\/#breadcrumb","itemListElement":[{"@type":"ListItem","position":1,"name":"Home","item":"http:\/\/www.waooh.be\/fr\/"},{"@type":"ListItem","position":2,"name":"Conditions d\u2019utilisation"}]},{"@type":"WebSite","@id":"http:\/\/www.waooh.be\/fr\/#website","url":"http:\/\/www.waooh.be\/fr\/","name":"Waooh","description":"Studio d&#039;animation belge, espace de formation pour jeunes cr\u00e9atifs dans le domaine de l&#039;animation.","publisher":{"@id":"http:\/\/www.waooh.be\/fr\/#organization"},"potentialAction":[{"@type":"SearchAction","target":{"@type":"EntryPoint","urlTemplate":"http:\/\/www.waooh.be\/fr\/?s={search_term_string}"},"query-input":{"@type":"PropertyValueSpecification","valueRequired":true,"valueName":"search_term_string"}}],"inLanguage":"fr-FR"},{"@type":"Organization","@id":"http:\/\/www.waooh.be\/fr\/#organization","name":"Waooh","url":"http:\/\/www.waooh.be\/fr\/","logo":{"@type":"ImageObject","inLanguage":"fr-FR","@id":"http:\/\/www.waooh.be\/fr\/#\/schema\/logo\/image\/","url":"https:\/\/www.waooh.be\/wp-content\/uploads\/2025\/05\/Waooh_logo.svg","contentUrl":"https:\/\/www.waooh.be\/wp-content\/uploads\/2025\/05\/Waooh_logo.svg","width":421,"height":351,"caption":"Waooh"},"image":{"@id":"http:\/\/www.waooh.be\/fr\/#\/schema\/logo\/image\/"}}]}},"_links":{"self":[{"href":"https:\/\/www.waooh.be\/fr\/wp-json\/wp\/v2\/pages\/2374","targetHints":{"allow":["GET"]}}],"collection":[{"href":"https:\/\/www.waooh.be\/fr\/wp-json\/wp\/v2\/pages"}],"about":[{"href":"https:\/\/www.waooh.be\/fr\/wp-json\/wp\/v2\/types\/page"}],"author":[{"embeddable":true,"href":"https:\/\/www.waooh.be\/fr\/wp-json\/wp\/v2\/users\/1"}],"replies":[{"embeddable":true,"href":"https:\/\/www.waooh.be\/fr\/wp-json\/wp\/v2\/comments?post=2374"}],"version-history":[{"count":20,"href":"https:\/\/www.waooh.be\/fr\/wp-json\/wp\/v2\/pages\/2374\/revisions"}],"predecessor-version":[{"id":2624,"href":"https:\/\/www.waooh.be\/fr\/wp-json\/wp\/v2\/pages\/2374\/revisions\/2624"}],"wp:attachment":[{"href":"https:\/\/www.waooh.be\/fr\/wp-json\/wp\/v2\/media?parent=2374"}],"curies":[{"name":"wp","href":"https:\/\/api.w.org\/{rel}","templated":true}]}}